{"id":5556,"date":"2015-09-15T15:00:27","date_gmt":"2015-09-15T13:00:27","guid":{"rendered":"https:\/\/ringuvos-sm.siauliai.lm.lt\/?page_id=5556"},"modified":"2015-11-19T10:02:53","modified_gmt":"2015-11-19T08:02:53","slug":"2014-2015-m-m-foto-archyvas-2","status":"publish","type":"page","link":"https:\/\/ringuvos-sm.siauliai.lm.lt\/?page_id=5556","title":{"rendered":"2014 &#8211; 2015 m.m.  Foto archyvas"},"content":{"rendered":"<h5><span style=\"color: #000000;\"><a href=\"https:\/\/ringuvos-sm.siauliai.lm.lt\/?page_id=5474\">2015 06 05 Paskutinio skambu\u010dio \u0161vent\u0117<\/a><\/span><\/h5>\n<h6><span style=\"color: #000000;\">2015 06 03 I\u0161vyka prie R\u0117kyvos e\u017eero\u00a0<\/span><\/h6>\n<h5><span style=\"color: #000000;\"><a style=\"color: #000000;\" href=\"https:\/\/ringuvos-sm.siauliai.lm.lt\/?page_id=5437\">2015 06 02 I\u0161vyka \u012f AB Gubernija<\/a><\/span><\/h5>\n<h5><span style=\"color: #000000;\"><a style=\"color: #000000;\" href=\"https:\/\/ringuvos-sm.siauliai.lm.lt\/?page_id=5391\">2015\u00a006\u00a001 Sporto diena\u00a0<\/a><\/span><\/h5>\n<h5><span style=\"color: #000000;\"><a style=\"color: #000000;\" href=\"https:\/\/ringuvos-sm.siauliai.lm.lt\/?page_id=5261\">2015 05 29 Akcija ,,Pavasaris \u017eiedais pra\u017eydo&#8221;<\/a><\/span><\/h5>\n<h6><span style=\"color: #000000;\"><a style=\"color: #000000;\" href=\"https:\/\/ringuvos-sm.siauliai.lm.lt\/?page_id=5259\">2015 05 27 Tarptautinis vaik\u0173 s\u0105skrydis ,,Sveiki, linksmi, k\u016brybingi&#8221;<\/a><\/span><\/h6>\n<h6><span style=\"color: #000000;\"><a style=\"color: #000000;\" href=\"https:\/\/ringuvos-sm.siauliai.lm.lt\/?page_id=5257\">2015 05 26\u00a0Respublikinis speciali\u0173j\u0173 ugdymo \u012fstaig\u0173 mokini\u0173 teatr\u0173 festivalis ,,Saul\u0117s skraist\u0117&#8221;<\/a><\/span><\/h6>\n<h6><span style=\"color: #000000;\"><a class=\"article-title\" style=\"color: #000000;\" title=\"2015 05 19  I\u0161vyka \u012f Daini\u0173 progimnazij\u0105\" href=\"https:\/\/ringuvos-sm.siauliai.lm.lt\/?page_id=5221\" rel=\"bookmark\">2015 05 19 I\u0161vyka \u012f Daini\u0173 progimnazij\u0105<\/a><\/span><\/h6>\n<h5><span style=\"color: #000000;\"><a style=\"color: #000000;\" href=\"https:\/\/ringuvos-sm.siauliai.lm.lt\/?page_id=5175\">2015 05 20 Bendruomen\u0117s \u0161vent\u0117 ,,Pab\u016bkime kartu\u02ee<\/a><\/span><\/h5>\n<h6><span style=\"color: #000000;\"><a style=\"color: #000000;\" href=\"https:\/\/ringuvos-sm.siauliai.lm.lt\/?page_id=5123\">2015 05 13 Tarptautinis teatr\u0173 festivalis ,,\u0160irdys vil\u010diai plaka\u02ee<\/a><\/span><\/h6>\n<h6><span style=\"color: #000000;\"><a style=\"color: #000000;\" href=\"https:\/\/ringuvos-sm.siauliai.lm.lt\/?page_id=5038\">2015 05 11 I\u0161vyka \u012f Naisius<\/a><\/span><\/h6>\n<h6><span style=\"color: #000000;\"><a style=\"color: #000000;\" href=\"https:\/\/ringuvos-sm.siauliai.lm.lt\/?page_id=4912\">2015 05 07 Renginys ,,Pavasaris \u017eiedais pra\u017eydo&#8221;<\/a><\/span><\/h6>\n<h6><span style=\"color: #000000;\"><a class=\"row-title\" style=\"color: #000000;\" title=\"Redaguoti \u201e2015 05 07  \u017dygis \u012f \u017dali\u016bki\u0173 mi\u0161k\u0105 ,,Apie sveik\u0105 ir \u0161vari\u0105 aplink\u0105\u201c\u201c\" href=\"https:\/\/ringuvos-sm.siauliai.lm.lt\/?page_id=4910\">2015 05 07 \u017dygis \u012f \u017dali\u016bki\u0173 mi\u0161k\u0105 ,,Apie sveik\u0105 ir \u0161vari\u0105 aplink\u0105\u201c<\/a><\/span><\/h6>\n<h6><span style=\"color: #000000;\"><a style=\"color: #000000;\" href=\"https:\/\/ringuvos-sm.siauliai.lm.lt\/?page_id=4843\">2015 04 27 Koncertas ,,Tau &#8211; piev\u0173 g\u0117l\u0117s ir m\u016bs\u0173 \u0161ypsen\u0117l\u0117s&#8221;<\/a><\/span><\/h6>\n<h5><span style=\"color: #000000;\"><a class=\"row-title\" style=\"color: #000000;\" title=\"Redaguoti \u201e2015 04 17 I\u0161vyka \u012f \u0160iauli\u0173 miesto sveikatos biur\u0105\u201c\" href=\"https:\/\/ringuvos-sm.siauliai.lm.lt\/?page_id=4492\">2015 04 17 I\u0161vyka \u012f \u0160iauli\u0173 miesto sveikatos biur\u0105<\/a><\/span><\/h5>\n<h5><span style=\"color: #000000;\"><a class=\"row-title\" style=\"color: #000000;\" title=\"Redaguoti \u201e2015 04 16 Dalyvavimas projekte ,,Probleminio mokymo sesijos\u201c\u201c\" href=\"https:\/\/ringuvos-sm.siauliai.lm.lt\/?page_id=4490\">2015 04 16 Dalyvavimas projekte ,,Probleminio mokymo sesijos\u201c<\/a><\/span><\/h5>\n<h5><span style=\"color: #000000;\">\u00a0<a style=\"color: #000000;\" href=\"https:\/\/ringuvos-sm.siauliai.lm.lt\/?page_id=4488\">2015 04 15 I\u0161vyka \u012f \u0160iauli\u0173 \u201eAu\u0161ros\u201c muziejaus Chaimo Frenkelio vil\u0105<\/a><\/span><\/h5>\n<h5><a href=\"https:\/\/ringuvos-sm.siauliai.lm.lt\/?page_id=4358\"><span style=\"color: #000000;\">2015 04 15 I\u0161vyka \u012f ,,Motinos Teres\u0117s \u0161eimos namus&#8221;\u00a0<\/span><\/a><\/h5>\n<h5><a href=\"https:\/\/ringuvos-sm.siauliai.lm.lt\/?page_id=4333\"><span style=\"color: #000000;\">2015 04 14 Renginys ,,Kelion\u0117 \u012f sveikatos \u0161al\u012f\u201c<\/span><\/a><\/h5>\n<h5><a href=\" https:\/\/ringuvos-sm.siauliai.lm.lt\/?page_id=4404\"><span style=\"color: #000000;\">2015 04 13 Renginys apie sveik\u0105 mityb\u0105<\/span><\/a><\/h5>\n<h5><a href=\"https:\/\/ringuvos-sm.siauliai.lm.lt\/?page_id=4511\"><span style=\"color: #000000;\">2015 04 \u00a009 Lietuvi\u0173 kalba valdomos paslaugos (LIEPA)<\/span><\/a><\/h5>\n<h5><span style=\"color: #000000;\"><a class=\"article-title\" style=\"color: #000000;\" title=\"2015 04 09 Autizmo spektro sutrikim\u0105 turin\u010di\u0173 jaunuoli\u0173 pie\u0161ini\u0173 paroda ,,Pavasario dvelksmas\u201c\" href=\"https:\/\/ringuvos-sm.siauliai.lm.lt\/?page_id=4356\" rel=\"bookmark\">2015 04 09 Autizmo spektro sutrikim\u0105 turin\u010di\u0173 jaunuoli\u0173 pie\u0161ini\u0173 paroda ,,Pavasario dvelksmas\u201c<\/a><\/span><\/h5>\n<h5><span style=\"color: #000000;\"><a class=\"article-title\" style=\"color: #000000;\" title=\"2015 03 27 Respublikin\u0117 mokini\u0173 konferencija ,,\u010cia gera mums\u201c\" href=\" https:\/\/ringuvos-sm.siauliai.lm.lt\/?page_id=4354\" rel=\"bookmark\">2015 03 27 Respublikin\u0117 mokini\u0173 konferencija ,,\u010cia gera mums\u201c<\/a><\/span><\/h5>\n<h5><span style=\"color: #000000;\">2015 03 27 <a href=\"https:\/\/ringuvos-sm.siauliai.lm.lt\/?page_id=4221\"><span style=\"color: #000000;\">\u00a0<\/span><\/a><a href=\"https:\/\/ringuvos-sm.siauliai.lm.lt\/?page_id=4221\"><span style=\"color: #000000;\">I\u0161vyka \u012f prekybos centro ,,Akropolis&#8221; akcij\u0105\u00a0<\/span><\/a><\/span><\/h5>\n<h5><a href=\"https:\/\/ringuvos-sm.siauliai.lm.lt\/?page_id=4293\"><span style=\"color: #000000;\">2015 03 26\u00a0\u017daidim\u0173 \u2013 rateli\u0173 popiet\u0117 ,,Jau pavasaris at\u0117jo&#8221;<\/span><\/a><\/h5>\n<h5><span style=\"color: #000000;\"><a title=\"2015 03 26 Veiksmo savait\u0117 ,,Be paty\u010di\u0173\u201c\" href=\"https:\/\/ringuvos-sm.siauliai.lm.lt\/?page_id=4243\" rel=\"bookmark\"><span style=\"color: #000000;\">2015 03 26 Veiksmo savait\u0117 ,,Be paty\u010di\u0173\u201c<\/span><\/a><\/span><\/h5>\n<h5><span style=\"color: #000000;\"><a title=\"2015 03 26  Krep\u0161inio var\u017eybos Kaune\" href=\"https:\/\/ringuvos-sm.siauliai.lm.lt\/?page_id=4201\" rel=\"bookmark\"><span style=\"color: #000000;\">2015 03 26 Krep\u0161inio var\u017eybos Kaune<\/span><\/a><\/span><\/h5>\n<h5><a href=\"https:\/\/ringuvos-sm.siauliai.lm.lt\/?page_id=4193\"><span style=\"color: #000000;\">2015 03 25 Kam\u0161teli\u0173 akcija ,,Dovanoju tau margut\u012f\u201c<\/span><\/a><\/h5>\n<h5><span style=\"color: #000000;\"><a title=\"2015 03 17  I\u0161vyka \u012f \u0160iauli\u0173 mi\u0161k\u0173 ur\u0117dij\u0105 Tolo\u010diuose\" href=\"https:\/\/ringuvos-sm.siauliai.lm.lt\/?page_id=4103\" rel=\"bookmark\"><span style=\"color: #000000;\">2015 03 17 I\u0161vyka \u012f \u0160iauli\u0173 mi\u0161k\u0173 ur\u0117dij\u0105 Tolo\u010diuose<\/span><\/a><\/span><\/h5>\n<h5><span style=\"color: #000000;\"><a title=\"2015 03 09  I\u0161vyka \u012f ,,R\u016btos\u201d \u0161okolado muziej\u0173\" href=\"https:\/\/ringuvos-sm.siauliai.lm.lt\/?page_id=4101\" rel=\"bookmark\"><span style=\"color: #000000;\">2015 03 09 I\u0161vyka \u012f ,,R\u016btos\u201d \u0161okolado muziej\u0173<\/span><\/a><\/span><\/h5>\n<h5><span style=\"color: #000000;\"><a title=\"2015 03 04 Tautini\u0173 juosteli\u0173 pynimas \u0160iauli\u0173 apskrities Povilo Vi\u0161inskio vie\u0161osios bibliotekos skyriuje \u201eJaunimo erdv\u0117\u201c\" href=\"https:\/\/ringuvos-sm.siauliai.lm.lt\/?page_id=4099\" rel=\"bookmark\"><span style=\"color: #000000;\">2015 03 04 Tautini\u0173 juosteli\u0173 pynimas \u0160iauli\u0173 apskrities Povilo Vi\u0161inskio vie\u0161osios bibliotekos skyriuje \u201eJaunimo erdv\u0117\u201c<\/span><\/a><\/span><\/h5>\n<h5><span style=\"color: #000000;\"><a title=\"2015 03 04 ,,Kaziuko mug\u0117\u201d \u0160iauli\u0173 logopedin\u0117je mokykloje\" href=\"https:\/\/ringuvos-sm.siauliai.lm.lt\/?page_id=4097\" rel=\"bookmark\"><span style=\"color: #000000;\">2015 03 04 ,,Kaziuko mug\u0117\u201d \u0160iauli\u0173 logopedin\u0117je mokykloje<\/span><\/a><\/span><\/h5>\n<h5><span style=\"color: #000000;\">201<a style=\"color: #000000;\" href=\"https:\/\/ringuvos-sm.siauliai.lm.lt\/?page_id=4055\">5 03 05 Akcija ,,\u017dadiname gamt\u0105\u201c<\/a><\/span><\/h5>\n<h5><a href=\"https:\/\/ringuvos-sm.siauliai.lm.lt\/?page_id=4116\"><span style=\"color: #000000;\">2015 02 13 Renginys ,,K\u0105 \u017einau apie Lietuv\u0105\u201c<\/span><\/a><\/h5>\n<h5><span style=\"color: #000000;\"><a title=\"2015 02 12 Krep\u0161inio \u0161vent\u0117 mokykloje\" href=\"https:\/\/ringuvos-sm.siauliai.lm.lt\/?page_id=4010\" rel=\"bookmark\"><span style=\"color: #000000;\">2015 02 12 Krep\u0161inio \u0161vent\u0117 mokykloje<\/span><\/a><\/span><\/h5>\n<h5><span style=\"color: #000000;\"><a style=\"font-style: normal; line-height: 22.1590900421143px;\" title=\"2015 02 11 Tarptautin\u0117s var\u017eybos Panev\u0117\u017eyje\" href=\"https:\/\/ringuvos-sm.siauliai.lm.lt\/?page_id=3992\" rel=\"bookmark\"><span style=\"color: #000000;\">2015 02 11 Tarptautin\u0117s var\u017eybos Panev\u0117\u017eyje<\/span><\/a><\/span><\/h5>\n<h5><span style=\"color: #000000;\"><a title=\"2015 01 21 I\u0161vyka \u012f Karini\u0173 oro paj\u0117g\u0173 Aviacijos baz\u0119\" href=\"https:\/\/ringuvos-sm.siauliai.lm.lt\/?page_id=4026\" rel=\"bookmark\"><span style=\"color: #000000;\">2015 01 21 I\u0161vyka \u012f Karini\u0173 oro paj\u0117g\u0173 Aviacijos baz\u0119<\/span><\/a><\/span><\/h5>\n<h5><span style=\"color: #000000;\"><a title=\"2014 12 19 Kal\u0117din\u0117 \u0161vent\u0117 \u201eJau Kal\u0117dos sidabrin\u0117s atkeliavo \u012f sve\u010dius\u201c\" href=\"https:\/\/ringuvos-sm.siauliai.lm.lt\/?page_id=3890\" rel=\"bookmark\"><span style=\"color: #000000;\">2014 12 19 Kal\u0117din\u0117 \u0161vent\u0117 \u201eJau Kal\u0117dos sidabrin\u0117s atkeliavo \u012f sve\u010dius\u201c<\/span><\/a><\/span><\/h5>\n<h6><span style=\"color: #000000;\"><a title=\"2014 12 17 Koncertas \u201eBalto sniego \u0161alyje\u201c\" href=\"https:\/\/ringuvos-sm.siauliai.lm.lt\/?page_id=3873\" rel=\"bookmark\"><span style=\"color: #000000;\">2014 12 17 Koncertas \u201eBalto sniego \u0161alyje\u201c<\/span><\/a><\/span><\/h6>\n<h6><a title=\"2014 12 12 Kal\u0117dini\u0173 sausaini\u0173 kepimo akcija\" href=\"https:\/\/ringuvos-sm.siauliai.lm.lt\/?page_id=3868\" rel=\"bookmark\"><span style=\"color: #000000;\">2014 12 12 Kal\u0117dini\u0173 sausaini\u0173 kepimo akcija<\/span><\/a><\/h6>\n<h6><span style=\"color: #000000;\"><a href=\"https:\/\/ringuvos-sm.siauliai.lm.lt\/?page_id=3813\"><span style=\"color: #000000;\">2014 12 1<\/span><\/a><a style=\"font-style: normal;\" href=\"https:\/\/ringuvos-sm.siauliai.lm.lt\/?page_id=3813\"><span style=\"color: #000000;\">1 Akcija \u201eTaika ir Kal\u0117dos j\u016bs\u0173 namuose\u201c<\/span><\/a><\/span><\/h6>\n<h6><span style=\"color: #000000;\"><a href=\"https:\/\/ringuvos-sm.siauliai.lm.lt\/?page_id=3863\"><span style=\"color: #000000;\">2014 12 09 Draugyst\u0117s dienos renginys su mokiniais i\u0161 Jovaro progimnazijos<\/span><\/a><\/span><\/h6>\n<h5><a href=\"https:\/\/ringuvos-sm.siauliai.lm.lt\/?page_id=3741\"><span style=\"color: #000000;\">2014 12 03 \u00a0Europos specialiosios olimpiados krep\u0161inio var\u017eybos Kaune<\/span><\/a><\/h5>\n<h6><span style=\"color: #000000;\"><a href=\"https:\/\/ringuvos-sm.siauliai.lm.lt\/?page_id=3727\"><span style=\"color: #000000;\">2014 12 02\u00a0\u0160iauli\u0173 logopedin\u0117s mokyklos mokini\u0173 literat\u016brin\u0117 kompozicija ,,Per am\u017eius degti&#8230;&#8221;<\/span><\/a><\/span><\/h6>\n<h6><span style=\"color: #000000;\"><a href=\"https:\/\/ringuvos-sm.siauliai.lm.lt\/?page_id=3722\"><span style=\"color: #000000;\">2014 12 01 Kal\u0117dinis projektas ,,\u017diemos ritmu\u201d<\/span><\/a><\/span><\/h6>\n<h5><a href=\"https:\/\/ringuvos-sm.siauliai.lm.lt\/?page_id=3693\"><span style=\"color: #000000;\">2014 11 18\/20\u00a0Respublikinis jaun\u0173j\u0173 ne\u012fgali\u0173j\u0173 muzikos atlik\u0117j\u0173 konkursas festivalis \u201ePerliukai\u201c<\/span><\/a><\/h5>\n<h5><span style=\"color: #000000;\"><a href=\"https:\/\/ringuvos-sm.siauliai.lm.lt\/?page_id=3680\"><span style=\"color: #000000;\">2014 11 19 I\u0161vyka \u012f ,,R\u016btos&#8221; saldaini\u0173 fabrik\u0105\u00a0<\/span><\/a><\/span><\/h5>\n<h5><a href=\"https:\/\/ringuvos-sm.siauliai.lm.lt\/?page_id=3698\"><span style=\"color: #000000;\">2014 11 14 Mokyklos 50-ies met\u0173 jubiliejaus \u0161vent\u0117<\/span><\/a><\/h5>\n<h5><span style=\"color: #000000;\"><a title=\"2014 11 11  \u0160v. Mi\u0161ios \u0160iauli\u0173 \u0160v. apa\u0161tal\u0173 Petro ir Pauliaus katedroje\" href=\"https:\/\/ringuvos-sm.siauliai.lm.lt\/?page_id=3657\" rel=\"bookmark\"><span style=\"color: #000000;\">2014 11 11 \u0160v. Mi\u0161ios \u0160iauli\u0173 \u0160v. apa\u0161tal\u0173 Petro ir Pauliaus katedroje<\/span><\/a><\/span><\/h5>\n<h5><span style=\"color: #000000;\"><a title=\"2014 11 06  Snaiperio konkursas\" href=\"https:\/\/ringuvos-sm.siauliai.lm.lt\/?page_id=3655\" rel=\"bookmark\"><span style=\"color: #000000;\">2014 11 06 Snaiperio konkursas<\/span><\/a><\/span><\/h5>\n<h5><a href=\"https:\/\/ringuvos-sm.siauliai.lm.lt\/?page_id=3527\"><span style=\"color: #000000;\">2014 10 24 Mokyklos tortadienio \u0161vent\u0117<\/span><\/a><\/h5>\n<h5><a href=\"https:\/\/ringuvos-sm.siauliai.lm.lt\/?page_id=3537\"><span style=\"color: #000000;\">2014 10 22 I\u0161vyka \u012f Povilo Vi\u0161inskio bibliotek\u0105<\/span><\/a><\/h5>\n<h5><span style=\"color: #000000;\"><a title=\"2014 10 10 Ekskursija \u012f Tytuv\u0117n\u0173 regionin\u012f park\u0105\" href=\"https:\/\/ringuvos-sm.siauliai.lm.lt\/?page_id=3467\" rel=\"bookmark\"><span style=\"color: #000000;\">2014 10 10 Ekskursija \u012f Tytuv\u0117n\u0173 regionin\u012f park\u0105<\/span><\/a><\/span><\/h5>\n<h5><span style=\"color: #000000;\"><a title=\"2014 10 09 I\u0161vyka \u012f  \u0160iauli\u0173 gele\u017einkelio  muziej\u0173- muziej\u0173 po atviru dangum\" href=\"https:\/\/ringuvos-sm.siauliai.lm.lt\/?page_id=3465\" rel=\"bookmark\"><span style=\"color: #000000;\">2014 10 09 I\u0161vyka \u012f \u0160iauli\u0173 gele\u017einkelio muziej\u0173<\/span><\/a><\/span><\/h5>\n<h5><span style=\"color: #000000;\"><a title=\"2014 10 07 Ekskursija \u012f Tel\u0161ius ir \u017dv\u0117rin\u010di\u0173\" href=\"https:\/\/ringuvos-sm.siauliai.lm.lt\/?page_id=3463\" rel=\"bookmark\"><span style=\"color: #000000;\">2014 10 07 Ekskursija \u012f Tel\u0161ius ir \u017dv\u0117rin\u010di\u0173<\/span><\/a><\/span><\/h5>\n<h6><span style=\"color: #000000;\"><a href=\"https:\/\/ringuvos-sm.siauliai.lm.lt\/?page_id=3424\"><span style=\"color: #000000;\">2014 10 06 Pie\u0161ini\u0173 paroda \u201eAuksinio rudens i\u0161daigos\u201c<\/span><\/a><\/span><\/h6>\n<h6><a href=\"https:\/\/ringuvos-sm.siauliai.lm.lt\/?page_id=3430\"><span style=\"color: #000000;\"><span style=\"color: #000000;\">2014 10 0<\/span>3\u00a0<span style=\"color: #000000;\">\u0160vent\u0117 ,,Rudenin\u0117 puok\u0161t\u0117 Tau, Mokytojau\u201d<\/span><\/span><\/a><\/h6>\n<h5><span style=\"color: #000000;\"><a title=\"2014 10 02 Akcija ,,Tulp\u0117s mokyklos gimtadieniui\u201d\" href=\"https:\/\/ringuvos-sm.siauliai.lm.lt\/?page_id=3394\" rel=\"bookmark\"><span style=\"color: #000000;\">2014 10 02 Akcija ,,Tulp\u0117s mokyklos gimtadieniui\u201d<\/span><\/a><\/span><\/h5>\n<h5><a href=\"https:\/\/ringuvos-sm.siauliai.lm.lt\/?page_id=3367\"><span style=\"color: #000000;\">2014 09 29 Pie\u0161ini\u0173 paroda \u201eSpalvoti lai\u0161kai Mokytojui\u201c<\/span><\/a><\/h5>\n<h5><a href=\"https:\/\/ringuvos-sm.siauliai.lm.lt\/?page_id=3337\"><span style=\"color: #000000;\">2014 09 25 Akcija ,,Dovana Mokyklai&#8221;<\/span><\/a><\/h5>\n<h5><span style=\"color: #000000;\"><a href=\"https:\/\/ringuvos-sm.siauliai.lm.lt\/?page_id=3308\"><span style=\"color: #000000;\">2014 09 24 I\u0161vyka \u012f Policijos muziej\u0173<\/span><\/a>\u00a0<\/span><\/h5>\n<h5><span style=\"color: #000000;\"><a href=\"https:\/\/ringuvos-sm.siauliai.lm.lt\/?page_id=3284 \"><span style=\"color: #000000;\">2014 09 19 <\/span><\/a><a href=\"https:\/\/ringuvos-sm.siauliai.lm.lt\/?page_id=3284\"><span style=\"color: #000000;\">Ma\u017eosios olimpiados\u00a0var\u017eybos\u00a0\u00a0,,Sportas vienija pasaul\u012f\u201d<\/span><\/a><\/span><\/h5>\n<h5><span style=\"color: #000000;\"><a href=\"https:\/\/ringuvos-sm.siauliai.lm.lt\/?page_id=3272 \"><span style=\"color: #000000;\">2014 09 18 Gyvasis \u0161viesoforas<\/span><\/a><\/span><\/h5>\n<h5><span style=\"color: #000000;\"><a href=\"https:\/\/ringuvos-sm.siauliai.lm.lt\/?page_id=3226\"><span style=\"color: #000000;\">2014 09 11 I\u0161vyka \u012f \u0160iauli\u0173 miesto 778 gimtadien\u012f<\/span><\/a><\/span><\/h5>\n","protected":false},"excerpt":{"rendered":"<p>2015 06 05 Paskutinio skambu\u010dio \u0161vent\u0117 2015 06 03 I\u0161vyka prie R\u0117kyvos e\u017eero\u00a0 2015 06 02 I\u0161vyka \u012f AB Gubernija 2015\u00a006\u00a001 Sporto diena\u00a0 2015 05 29 Akcija ,,Pavasaris \u017eiedais pra\u017eydo&#8221; 2015 05 27 Tarptautinis vaik\u0173 s\u0105skrydis ,,Sveiki, linksmi, k\u016brybingi&#8221; 2015 &hellip; <a href=\"https:\/\/ringuvos-sm.siauliai.lm.lt\/?page_id=5556\">Continue reading <span class=\"meta-nav\">&rarr;<\/span><\/a><\/p>\n","protected":false},"author":2,"featured_media":0,"parent":0,"menu_order":0,"comment_status":"closed","ping_status":"closed","template":"","meta":{"ngg_post_thumbnail":0,"footnotes":""},"class_list":["post-5556","page","type-page","status-publish","hentry"],"_links":{"self":[{"href":"https:\/\/ringuvos-sm.siauliai.lm.lt\/index.php?rest_route=\/wp\/v2\/pages\/5556","targetHints":{"allow":["GET"]}}],"collection":[{"href":"https:\/\/ringuvos-sm.siauliai.lm.lt\/index.php?rest_route=\/wp\/v2\/pages"}],"about":[{"href":"https:\/\/ringuvos-sm.siauliai.lm.lt\/index.php?rest_route=\/wp\/v2\/types\/page"}],"author":[{"embeddable":true,"href":"https:\/\/ringuvos-sm.siauliai.lm.lt\/index.php?rest_route=\/wp\/v2\/users\/2"}],"replies":[{"embeddable":true,"href":"https:\/\/ringuvos-sm.siauliai.lm.lt\/index.php?rest_route=%2Fwp%2Fv2%2Fcomments&post=5556"}],"version-history":[{"count":2,"href":"https:\/\/ringuvos-sm.siauliai.lm.lt\/index.php?rest_route=\/wp\/v2\/pages\/5556\/revisions"}],"predecessor-version":[{"id":6420,"href":"https:\/\/ringuvos-sm.siauliai.lm.lt\/index.php?rest_route=\/wp\/v2\/pages\/5556\/revisions\/6420"}],"wp:attachment":[{"href":"https:\/\/ringuvos-sm.siauliai.lm.lt\/index.php?rest_route=%2Fwp%2Fv2%2Fmedia&parent=5556"}],"curies":[{"name":"wp","href":"https:\/\/api.w.org\/{rel}","templated":true}]}}