{"id":5629,"date":"2015-09-20T16:32:30","date_gmt":"2015-09-20T14:32:30","guid":{"rendered":"https:\/\/ringuvos-sm.siauliai.lm.lt\/?page_id=5629"},"modified":"2015-09-22T14:58:37","modified_gmt":"2015-09-22T12:58:37","slug":"2015-09-18-22-osios-mazosios-olimpiados-sportas-uz-sveika-pasauli%cb%ae-varzybos","status":"publish","type":"page","link":"https:\/\/ringuvos-sm.siauliai.lm.lt\/?page_id=5629","title":{"rendered":"2015 09 18\u00a0 Sportas u\u017e sveik\u0105 pasaul\u012f"},"content":{"rendered":"<p><strong><a href=\"https:\/\/ringuvos-sm.siauliai.lm.lt\/?page_id=5629\">ngg_shortcode_0_placeholder<\/a><\/strong><\/p>\n","protected":false},"excerpt":{"rendered":"","protected":false},"author":2,"featured_media":0,"parent":0,"menu_order":0,"comment_status":"closed","ping_status":"closed","template":"","meta":{"ngg_post_thumbnail":0,"footnotes":""},"class_list":["post-5629","page","type-page","status-publish","hentry"],"_links":{"self":[{"href":"https:\/\/ringuvos-sm.siauliai.lm.lt\/index.php?rest_route=\/wp\/v2\/pages\/5629","targetHints":{"allow":["GET"]}}],"collection":[{"href":"https:\/\/ringuvos-sm.siauliai.lm.lt\/index.php?rest_route=\/wp\/v2\/pages"}],"about":[{"href":"https:\/\/ringuvos-sm.siauliai.lm.lt\/index.php?rest_route=\/wp\/v2\/types\/page"}],"author":[{"embeddable":true,"href":"https:\/\/ringuvos-sm.siauliai.lm.lt\/index.php?rest_route=\/wp\/v2\/users\/2"}],"replies":[{"embeddable":true,"href":"https:\/\/ringuvos-sm.siauliai.lm.lt\/index.php?rest_route=%2Fwp%2Fv2%2Fcomments&post=5629"}],"version-history":[{"count":10,"href":"https:\/\/ringuvos-sm.siauliai.lm.lt\/index.php?rest_route=\/wp\/v2\/pages\/5629\/revisions"}],"predecessor-version":[{"id":5695,"href":"https:\/\/ringuvos-sm.siauliai.lm.lt\/index.php?rest_route=\/wp\/v2\/pages\/5629\/revisions\/5695"}],"wp:attachment":[{"href":"https:\/\/ringuvos-sm.siauliai.lm.lt\/index.php?rest_route=%2Fwp%2Fv2%2Fmedia&parent=5629"}],"curies":[{"name":"wp","href":"https:\/\/api.w.org\/{rel}","templated":true}]}}