{"id":6360,"date":"2015-11-18T20:49:41","date_gmt":"2015-11-18T18:49:41","guid":{"rendered":"https:\/\/ringuvos-sm.siauliai.lm.lt\/?page_id=6360"},"modified":"2015-11-18T20:54:04","modified_gmt":"2015-11-18T18:54:04","slug":"2015-11-17-edukaciniu-zaidimu-rytmetis-kur-keliauja-siuksles-suzinok-ir-papasakok","status":"publish","type":"page","link":"https:\/\/ringuvos-sm.siauliai.lm.lt\/?page_id=6360","title":{"rendered":"2015 11 17 Edukacini\u0173 \u017eaidim\u0173 rytmetis ,,Kur keliauja \u0161iuk\u0161l\u0117s? Su\u017einok ir papasakok!\u201c"},"content":{"rendered":"<p><strong><a href=\"https:\/\/ringuvos-sm.siauliai.lm.lt\/?page_id=6360\">ngg_shortcode_0_placeholder<\/a><\/strong><\/p>\n","protected":false},"excerpt":{"rendered":"","protected":false},"author":2,"featured_media":0,"parent":0,"menu_order":0,"comment_status":"closed","ping_status":"closed","template":"","meta":{"ngg_post_thumbnail":0,"footnotes":""},"class_list":["post-6360","page","type-page","status-publish","hentry"],"_links":{"self":[{"href":"https:\/\/ringuvos-sm.siauliai.lm.lt\/index.php?rest_route=\/wp\/v2\/pages\/6360","targetHints":{"allow":["GET"]}}],"collection":[{"href":"https:\/\/ringuvos-sm.siauliai.lm.lt\/index.php?rest_route=\/wp\/v2\/pages"}],"about":[{"href":"https:\/\/ringuvos-sm.siauliai.lm.lt\/index.php?rest_route=\/wp\/v2\/types\/page"}],"author":[{"embeddable":true,"href":"https:\/\/ringuvos-sm.siauliai.lm.lt\/index.php?rest_route=\/wp\/v2\/users\/2"}],"replies":[{"embeddable":true,"href":"https:\/\/ringuvos-sm.siauliai.lm.lt\/index.php?rest_route=%2Fwp%2Fv2%2Fcomments&post=6360"}],"version-history":[{"count":2,"href":"https:\/\/ringuvos-sm.siauliai.lm.lt\/index.php?rest_route=\/wp\/v2\/pages\/6360\/revisions"}],"predecessor-version":[{"id":6365,"href":"https:\/\/ringuvos-sm.siauliai.lm.lt\/index.php?rest_route=\/wp\/v2\/pages\/6360\/revisions\/6365"}],"wp:attachment":[{"href":"https:\/\/ringuvos-sm.siauliai.lm.lt\/index.php?rest_route=%2Fwp%2Fv2%2Fmedia&parent=6360"}],"curies":[{"name":"wp","href":"https:\/\/api.w.org\/{rel}","templated":true}]}}