{"id":6756,"date":"2016-02-05T20:36:20","date_gmt":"2016-02-05T18:36:20","guid":{"rendered":"https:\/\/ringuvos-sm.siauliai.lm.lt\/?page_id=6756"},"modified":"2016-02-05T20:44:26","modified_gmt":"2016-02-05T18:44:26","slug":"2016-02-05-prevencine-savaite-be-zalingu-iprociu%cb%ae-2","status":"publish","type":"page","link":"https:\/\/ringuvos-sm.siauliai.lm.lt\/?page_id=6756","title":{"rendered":"2016 02 05 Prevencin\u0117 savait\u0117 ,,Be \u017ealing\u0173 \u012fpro\u010di\u0173\u02ee"},"content":{"rendered":"<p><strong><a href=\"https:\/\/ringuvos-sm.siauliai.lm.lt\/?page_id=6756\">ngg_shortcode_0_placeholder<\/a><\/strong><\/p>\n","protected":false},"excerpt":{"rendered":"","protected":false},"author":2,"featured_media":0,"parent":0,"menu_order":0,"comment_status":"closed","ping_status":"closed","template":"","meta":{"ngg_post_thumbnail":0,"footnotes":""},"class_list":["post-6756","page","type-page","status-publish","hentry"],"_links":{"self":[{"href":"https:\/\/ringuvos-sm.siauliai.lm.lt\/index.php?rest_route=\/wp\/v2\/pages\/6756","targetHints":{"allow":["GET"]}}],"collection":[{"href":"https:\/\/ringuvos-sm.siauliai.lm.lt\/index.php?rest_route=\/wp\/v2\/pages"}],"about":[{"href":"https:\/\/ringuvos-sm.siauliai.lm.lt\/index.php?rest_route=\/wp\/v2\/types\/page"}],"author":[{"embeddable":true,"href":"https:\/\/ringuvos-sm.siauliai.lm.lt\/index.php?rest_route=\/wp\/v2\/users\/2"}],"replies":[{"embeddable":true,"href":"https:\/\/ringuvos-sm.siauliai.lm.lt\/index.php?rest_route=%2Fwp%2Fv2%2Fcomments&post=6756"}],"version-history":[{"count":4,"href":"https:\/\/ringuvos-sm.siauliai.lm.lt\/index.php?rest_route=\/wp\/v2\/pages\/6756\/revisions"}],"predecessor-version":[{"id":6779,"href":"https:\/\/ringuvos-sm.siauliai.lm.lt\/index.php?rest_route=\/wp\/v2\/pages\/6756\/revisions\/6779"}],"wp:attachment":[{"href":"https:\/\/ringuvos-sm.siauliai.lm.lt\/index.php?rest_route=%2Fwp%2Fv2%2Fmedia&parent=6756"}],"curies":[{"name":"wp","href":"https:\/\/api.w.org\/{rel}","templated":true}]}}