{"id":784,"date":"2012-08-27T09:34:02","date_gmt":"2012-08-27T09:34:02","guid":{"rendered":"http:\/\/ringuvos.coral.lt\/?page_id=784"},"modified":"2013-04-08T19:39:10","modified_gmt":"2013-04-08T17:39:10","slug":"2012-03-13-duonos-kepimas-zaliukiu-malune","status":"publish","type":"page","link":"https:\/\/ringuvos-sm.siauliai.lm.lt\/?page_id=784","title":{"rendered":"2012 03 13 Duonos kepimas \u017dali\u016bki\u0173 mal\u016bne"},"content":{"rendered":"<p><a href=\"wp-content\/gallery\/2012-03-13-duonos-kepimas-zaliukiu-malune\">ngg_shortcode_0_placeholder<\/a><\/p>\n<h5><a href=\"https:\/\/ringuvos-sm.siauliai.lm.lt\/?page_id=38\"><span style=\"color: #008000; text-decoration: underline;\"><span style=\"text-decoration: underline;\">gr\u012f\u017eti \u012f Galerij\u0105<\/span> <\/span><\/a><\/h5>\n","protected":false},"excerpt":{"rendered":"<p>gr\u012f\u017eti \u012f Galerij\u0105<\/p>\n","protected":false},"author":2,"featured_media":0,"parent":0,"menu_order":0,"comment_status":"closed","ping_status":"closed","template":"","meta":{"ngg_post_thumbnail":0,"footnotes":""},"class_list":["post-784","page","type-page","status-publish","hentry"],"_links":{"self":[{"href":"https:\/\/ringuvos-sm.siauliai.lm.lt\/index.php?rest_route=\/wp\/v2\/pages\/784","targetHints":{"allow":["GET"]}}],"collection":[{"href":"https:\/\/ringuvos-sm.siauliai.lm.lt\/index.php?rest_route=\/wp\/v2\/pages"}],"about":[{"href":"https:\/\/ringuvos-sm.siauliai.lm.lt\/index.php?rest_route=\/wp\/v2\/types\/page"}],"author":[{"embeddable":true,"href":"https:\/\/ringuvos-sm.siauliai.lm.lt\/index.php?rest_route=\/wp\/v2\/users\/2"}],"replies":[{"embeddable":true,"href":"https:\/\/ringuvos-sm.siauliai.lm.lt\/index.php?rest_route=%2Fwp%2Fv2%2Fcomments&post=784"}],"version-history":[{"count":9,"href":"https:\/\/ringuvos-sm.siauliai.lm.lt\/index.php?rest_route=\/wp\/v2\/pages\/784\/revisions"}],"predecessor-version":[{"id":1629,"href":"https:\/\/ringuvos-sm.siauliai.lm.lt\/index.php?rest_route=\/wp\/v2\/pages\/784\/revisions\/1629"}],"wp:attachment":[{"href":"https:\/\/ringuvos-sm.siauliai.lm.lt\/index.php?rest_route=%2Fwp%2Fv2%2Fmedia&parent=784"}],"curies":[{"name":"wp","href":"https:\/\/api.w.org\/{rel}","templated":true}]}}