{"id":8148,"date":"2016-09-09T18:50:06","date_gmt":"2016-09-09T16:50:06","guid":{"rendered":"https:\/\/ringuvos-sm.siauliai.lm.lt\/?page_id=8148"},"modified":"2016-09-09T18:50:06","modified_gmt":"2016-09-09T16:50:06","slug":"2015-2016-m-m-foto-archyvas","status":"publish","type":"page","link":"https:\/\/ringuvos-sm.siauliai.lm.lt\/?page_id=8148","title":{"rendered":"2015 \u2013 2016 m.m.  Foto archyvas"},"content":{"rendered":"<p><span style=\"color: #008000;\">2015-2016 m.m.<\/span><\/p>\n<h5 style=\"text-align: justify;\"><span style=\"color: #000000;\"><a style=\"color: #000000;\" href=\"https:\/\/ringuvos-sm.siauliai.lm.lt\/?page_id=7978\">2016 06 03 Paskutinio skambu\u010dio \u0161vent\u0117<\/a><\/span><\/h5>\n<h5 style=\"text-align: justify;\"><span style=\"color: #000000;\"><a style=\"color: #000000;\" href=\"https:\/\/ringuvos-sm.siauliai.lm.lt\/?page_id=7939\">2016 05 31 I\u0161vyka \u012f Anyk\u0161\u010dius\u00a0<\/a><\/span><\/h5>\n<h5 style=\"text-align: justify;\"><span style=\"color: #000000;\"><a style=\"color: #000000;\" href=\"https:\/\/ringuvos-sm.siauliai.lm.lt\/?page_id=7878\">2016 05 27\u00a0Akcija ,,\u017dyd\u0117k, mokykl\u0117le&#8221;<\/a><a style=\"color: #000000;\" href=\"https:\/\/ringuvos-sm.siauliai.lm.lt\/?page_id=7878\">\u00a0<\/a><\/span><\/h5>\n<h5 style=\"text-align: justify;\"><span style=\"color: #000000;\"><a style=\"color: #000000;\" href=\"https:\/\/ringuvos-sm.siauliai.lm.lt\/?page_id=7876\">2016 05 26 Edukacinis u\u017esi\u0117mimas \u201ePiemen\u0117li\u0173 vargai ir pramogos\u201c<\/a><\/span><\/h5>\n<h6 style=\"text-align: justify;\"><span style=\"color: #000000;\"><a style=\"color: #000000;\" href=\"https:\/\/ringuvos-sm.siauliai.lm.lt\/?page_id=7792\">2016 05 20 Renginys ,,Tas pieni\u0173 geltonis\u201c<\/a><\/span><\/h6>\n<h5 style=\"text-align: justify;\"><span style=\"color: #000000;\"><a style=\"color: #000000;\" href=\"https:\/\/ringuvos-sm.siauliai.lm.lt\/?page_id=7790\">2016 05 19 Respublikin\u0117 speciali\u0173j\u0173 mokykl\u0173 mokini\u0173 konferencija \u201eGamtos atradimai vaiko akimis\u201c<\/a><\/span><\/h5>\n<h6 style=\"text-align: justify;\"><span style=\"color: #000000;\"><a style=\"color: #000000;\" href=\"https:\/\/ringuvos-sm.siauliai.lm.lt\/?page_id=7621\">2016 05 12 I\u0161vyka \u012f alpak\u0173 \u016bk\u012f\u00a0<\/a><\/span><\/h6>\n<h6 style=\"text-align: justify;\"><span style=\"color: #000000;\"><a class=\"article-title\" style=\"color: #000000;\" title=\"2016 05 12 I\u0161vyka \u012f\u00a0\u0160iauli\u0173 kult\u016bros centro Akl\u0173j\u0173 ir silpnaregi\u0173 skyri\u0173\" href=\"https:\/\/ringuvos-sm.siauliai.lm.lt\/?page_id=7714\" rel=\"bookmark\">2016 05 12 I\u0161vyka \u012f\u00a0\u0160iauli\u0173 kult\u016bros centro Akl\u0173j\u0173 ir silpnaregi\u0173 skyri\u0173<\/a><\/span><\/h6>\n<h6 style=\"text-align: justify;\"><span style=\"color: #000000;\"><a style=\"color: #000000;\" href=\"https:\/\/ringuvos-sm.siauliai.lm.lt\/?page_id=7545\">2016 05 10 Akcija ,,Pavasaris \u017eiedais pra\u017eydo&#8221;<\/a><\/span><\/h6>\n<h5 style=\"text-align: justify;\"><span style=\"color: #000000;\"><a class=\"article-title\" style=\"color: #000000;\" title=\"2016 05 09 I\u0161vyka \u012f \u0160iauli\u0173 universiteto Botanikos sod\u0105\" href=\"https:\/\/ringuvos-sm.siauliai.lm.lt\/?page_id=7614\" rel=\"bookmark\">2016 05 09 I\u0161vyka \u012f \u0160iauli\u0173 universiteto Botanikos sod\u0105<\/a><\/span><\/h5>\n<h5 style=\"text-align: justify;\"><span style=\"color: #000000;\"><a style=\"color: #000000;\" href=\"https:\/\/ringuvos-sm.siauliai.lm.lt\/?page_id=7420\">2016 05 04 V respublikinis speciali\u0173j\u0173 ugdymo \u012fstaig\u0173 mokini\u0173 teatr\u0173 festivalis \u201eSaul\u0117s skraist\u0117\u201c<\/a><\/span><\/h5>\n<h5 style=\"text-align: justify;\"><span style=\"color: #000000;\"><a style=\"color: #000000;\" href=\"https:\/\/ringuvos-sm.siauliai.lm.lt\/?page_id=7416\">2016 04 29 ,,Diena kitaip&#8221;<\/a><\/span><\/h5>\n<h5><span style=\"color: #000000;\"><a style=\"color: #000000;\" href=\"https:\/\/ringuvos-sm.siauliai.lm.lt\/?page_id=7335\">2016 04 07 Akcija \u201e\u017dadiname pavasar\u012f\u201c<\/a><\/span><\/h5>\n<h5 style=\"text-align: justify;\"><span style=\"color: #000000;\"><a style=\"color: #000000;\" href=\"https:\/\/ringuvos-sm.siauliai.lm.lt\/?page_id=7311\">2016 04 13 Edukacin\u0117 i\u0161vyka \u012f Lietuvos akl\u0173j\u0173 bibliotek\u0105<\/a><\/span><\/h5>\n<h5 style=\"text-align: justify;\"><span style=\"color: #000000;\"><a style=\"color: #000000;\" href=\"https:\/\/ringuvos-sm.siauliai.lm.lt\/?page_id=7241\">2016 04 11 Akcija ,,Paleiskime draugyst\u0117s aitvar\u0105&#8221;<\/a><\/span><\/h5>\n<h5><span style=\"color: #000000;\"><a style=\"color: #000000;\" href=\"https:\/\/ringuvos-sm.siauliai.lm.lt\/?page_id=7139\">2016 03 22 Sve\u010diuose- Rusn\u0117s specialiosios mokyklos pedagogai<\/a><\/span><\/h5>\n<h5><span style=\"color: #000000;\"><a class=\"article-title\" style=\"color: #000000;\" title=\"2016-03-17\u00a0\u00a0 Akcija ,,Velykiniai zuiku\u010diai\u201c\" href=\"https:\/\/ringuvos-sm.siauliai.lm.lt\/?page_id=7074\" rel=\"bookmark\">2016-03-17\u00a0\u00a0 Akcija ,,Velykiniai zuiku\u010diai\u201c<\/a><\/span><\/h5>\n<h5><span style=\"color: #000000;\"><a style=\"color: #000000;\" href=\"https:\/\/ringuvos-sm.siauliai.lm.lt\/?page_id=6988\">2016 03 10 I\u0161vyka \u012f k\u016brybines dirbtuves &#8222;Susikurkime aitvar\u0105!&#8221;<\/a><\/span><\/h5>\n<h5><span style=\"color: #000000;\"><a style=\"color: #000000;\" href=\"https:\/\/ringuvos-sm.siauliai.lm.lt\/?page_id=6952\">2016 03 09 I\u0161vyka \u012f koncert\u0105 ,,Saul\u0117s miesto atspind\u017eiai\u02ee<\/a><\/span><\/h5>\n<h5><span style=\"color: #000000;\"><a style=\"color: #000000;\" href=\"https:\/\/ringuvos-sm.siauliai.lm.lt\/?page_id=6893\">2016 02 19 Edukacin\u0117 i\u0161vyka \u012f \u0160iauli\u0173 universiteto bibliotek\u0105<\/a><\/span><\/h5>\n<h5><span style=\"color: #000000;\"><a style=\"color: #000000;\" href=\"https:\/\/ringuvos-sm.siauliai.lm.lt\/?page_id=6834\">2016 02 09 U\u017egav\u0117ni\u0173 \u0161vent\u0117 ,,\u0160oksim, trypsim \u2013 \u017eiem\u0105 varysim\u02ee<\/a><\/span><\/h5>\n<h6 style=\"text-align: justify;\"><span style=\"color: #000000;\"><a style=\"color: #000000;\" href=\"https:\/\/ringuvos-sm.siauliai.lm.lt\/?page_id=6756\">2016 02 05 Prevencin\u0117 savait\u0117 ,,Be \u017ealing\u0173 \u012fpro\u010di\u0173\u02ee<\/a><\/span><\/h6>\n<h6><a href=\"https:\/\/ringuvos-sm.siauliai.lm.lt\/?page_id=6721\"><span style=\"color: #000000;\">2016 \u00a001 21 Edukaciniai u\u017esi\u0117mimai \u201eMolinukai. Kauk\u0117s\u201c ir \u201eU\u017egav\u0117ni\u0173 kauki\u0173 darymas<\/span>\u201c<\/a><\/h6>\n<h5><span style=\"color: #000000;\"><a class=\"article-title\" style=\"color: #000000;\" title=\"2015 12 21 FC \u201eGintra \u2013 Universitetas\u201d art\u0117jan\u010di\u0173 \u0161ven\u010di\u0173 proga pasveikino mokyklos mokinius\" href=\"https:\/\/ringuvos-sm.siauliai.lm.lt\/?page_id=6624\" rel=\"bookmark\">2015 12 21 FC \u201eGintra \u2013 Universitetas\u201d pasveikino mokyklos mokinius<\/a><\/span><\/h5>\n<h5><span style=\"color: #000000;\"><a class=\"article-title\" style=\"color: #000000;\" title=\"2015 12  23 Dovanoju tau Kal\u0117d\u0173 stebukl\u0105\" href=\"https:\/\/ringuvos-sm.siauliai.lm.lt\/?page_id=6584\" rel=\"bookmark\">2015 12 23 \u00a0\u0160vent\u0117 ,,Dovanoju tau Kal\u0117d\u0173 stebukl\u0105<\/a>&#8221;<\/span><\/h5>\n<h5><span style=\"color: #000000;\"><a class=\"article-title\" style=\"color: #000000;\" title=\"2015 12 16 \u00a0Gerumo akcija ,,Sald\u017eios Kal\u0117dos\u02ee\" href=\"https:\/\/ringuvos-sm.siauliai.lm.lt\/?page_id=6496\" rel=\"bookmark\">2015 12 16 \u00a0Gerumo akcija ,,Sald\u017eios Kal\u0117dos\u02ee<\/a><\/span><\/h5>\n<h5 style=\"text-align: justify;\"><span style=\"color: #000000;\"><a class=\"article-title\" style=\"color: #000000;\" title=\"2015 12 01 I\u0161vyka \u012f Verslo ir pasiekim\u0173 parod\u0105 \u201e\u0160iauliai 2015\u201c\" href=\"https:\/\/ringuvos-sm.siauliai.lm.lt\/?page_id=6444\" rel=\"bookmark\">2015 12 01 I\u0161vyka \u012f Verslo ir pasiekim\u0173 parod\u0105 \u201e\u0160iauliai 2015\u201c<\/a><\/span><\/h5>\n<h6 style=\"text-align: justify;\"><span style=\"color: #000000;\"><a class=\"article-title\" style=\"color: #000000;\" title=\"2015 11 18 K\u016brybini\u0173 darbeli\u0173 i\u0161 antrini\u0173 \u017ealiav\u0173 paroda\" href=\"https:\/\/ringuvos-sm.siauliai.lm.lt\/?page_id=6362\" rel=\"bookmark\">2015 11 18 K\u016brybini\u0173 darbeli\u0173 i\u0161 antrini\u0173 \u017ealiav\u0173 paroda<\/a><\/span><\/h6>\n<h6 style=\"text-align: justify;\"><span style=\"color: #000000;\"><a style=\"color: #000000;\" href=\"https:\/\/ringuvos-sm.siauliai.lm.lt\/?page_id=6360\">2015 11 17 Edukacini\u0173 \u017eaidim\u0173 rytmetis ,,Kur keliauja \u0161iuk\u0161l\u0117s?<\/a>&#8221;<\/span><\/h6>\n<h6><span style=\"color: #000000;\"><a class=\"article-title\" style=\"color: #000000;\" title=\"2015 11 13 Rudenini\u0173 pyrag\u0173 diena\" href=\"https:\/\/ringuvos-sm.siauliai.lm.lt\/?page_id=6311\" rel=\"bookmark\">2015 11 13 Rudenini\u0173 pyrag\u0173 diena<\/a><\/span><\/h6>\n<h6><span style=\"color: #000000;\"><a style=\"color: #000000;\" href=\"https:\/\/ringuvos-sm.siauliai.lm.lt\/?page_id=6313\">2015 11 12 Saugaus eismo pamok\u0117l\u0117<\/a><\/span><\/h6>\n<h6><span style=\"color: #000000;\"><a style=\"color: #000000;\" href=\"https:\/\/ringuvos-sm.siauliai.lm.lt\/?page_id=6201\">2015 10 21 \u00a0Edukacin\u0117 i\u0161vyka \u012f \u0160iauli\u0173 universiteto bibliotek\u0105<\/a><\/span><\/h6>\n<h5><span style=\"color: #000000;\"><a style=\"color: #000000;\" href=\"https:\/\/ringuvos-sm.siauliai.lm.lt\/?page_id=6188\">2015 10 19\u00a0<\/a><\/span><span style=\"color: #000000;\"><a style=\"color: #000000;\" href=\"https:\/\/ringuvos-sm.siauliai.lm.lt\/?page_id=6188\">Paroda ,,Rudens g\u0117rybi\u0173 i\u0161daigos&#8221;<\/a><\/span><\/h5>\n<h6><span style=\"color: #000000;\"><a style=\"color: #000000;\" href=\"https:\/\/ringuvos-sm.siauliai.lm.lt\/?page_id=6067\">2015 10 16 Popiet\u0117 ,,Vasar\u0117l\u0117 u\u017eaugino, ruden\u0117lis i\u0161dalijo&#8221;<\/a><\/span><\/h6>\n<h5><a href=\"https:\/\/ringuvos-sm.siauliai.lm.lt\/?page_id=6133\"><span style=\"color: #000000;\">2015 10 16 Akcija ,,Sodinuk\u0173 al\u0117ja\u201c<\/span><\/a><\/h5>\n<h6><span style=\"color: #000000;\"><a style=\"color: #000000;\" href=\"https:\/\/ringuvos-sm.siauliai.lm.lt\/?page_id=5969\">2015 10 14\u00a0 I\u0161vyka \u012f \u017eaisl\u0173 fabrik\u0105 \u00a0,,Garbaris\u2018\u2018<\/a><\/span><\/h6>\n<h6><span style=\"color: #000000;\"><a style=\"color: #000000;\" href=\"https:\/\/ringuvos-sm.siauliai.lm.lt\/?page_id=5965\">2015 10 14 Sveikatiados var\u017eybos ,,Sportuokime kartu\u02ee\u00a0\u00a0<\/a><\/span><\/h6>\n<h6><span style=\"color: #000000;\"><a style=\"color: #000000;\" href=\"https:\/\/ringuvos-sm.siauliai.lm.lt\/?page_id=6062\">2015 10 09 I\u0161vyka \u012f Tarptautines \u017eirg\u0173 konk\u016br\u0173 var\u017eybas<\/a><\/span><\/h6>\n<h5><span style=\"color: #000000;\"><a style=\"color: #000000;\" href=\"https:\/\/ringuvos-sm.siauliai.lm.lt\/?page_id=5910\">2015 10 06 I\u0161vyka \u012f Salduv\u0117s park\u0105<\/a><\/span><\/h5>\n<h5><span style=\"color: #000000;\"><a style=\"color: #000000;\" href=\"https:\/\/ringuvos-sm.siauliai.lm.lt\/?page_id=5880\">2015 10 05 \u0160vent\u0117 ,,D\u0117koju, Mokytojau, Tau u\u017e Tavo did\u017ei\u0105 \u0161ird\u012f\u201c<\/a><\/span><\/h5>\n<h5><span style=\"color: #000000;\">\u00a0<a style=\"color: #000000;\" href=\"https:\/\/ringuvos-sm.siauliai.lm.lt\/?page_id=5805\">2015 10 02 Puok\u0161\u010di\u0173 paroda ,,Tau, Mokytojau\u201c<\/a><\/span><\/h5>\n<h6><span style=\"color: #000000;\"><a style=\"color: #000000;\" href=\"https:\/\/ringuvos-sm.siauliai.lm.lt\/?page_id=5936\">2015 10 01 Akcija ,,Artimiausia mokyklos aplinka bus \u0161vari, jei patys tuo r\u016bpinsim\u0117s\u2018\u2018<\/a><\/span><\/h6>\n<h5><span style=\"color: #000000;\"><a style=\"color: #000000;\" href=\"https:\/\/ringuvos-sm.siauliai.lm.lt\/?page_id=5713\">\u00a02014 09 24 I\u0161vyka \u012f \u00a0Saugaus eismo klas\u0119<\/a><\/span><\/h5>\n<h5><span style=\"color: #000000;\"><a style=\"color: #000000;\" href=\"https:\/\/ringuvos-sm.siauliai.lm.lt\/?page_id=5629\">\u00a02015 09 18\u00a0 22-osios ma\u017eosios olimpiados ,,Sportas u\u017e sveik\u0105 pasaul\u012f\u02ee var\u017eybos<\/a><\/span><\/h5>\n<h5><span style=\"color: #000000;\"><a style=\"color: #000000;\" href=\"https:\/\/ringuvos-sm.siauliai.lm.lt\/?page_id=5582\">\u00a02015 09 17 \u00a0I\u0161vyka ,,Tal\u0161os e\u017eero ekologiniu taku&#8221;<\/a><\/span><\/h5>\n<h5><span style=\"color: #000000;\">\u00a0<a class=\"article-title\" style=\"color: #000000;\" title=\"2015 09 11 I\u0161vyka \u012f \u0160iauli\u0173 miesto 779 gimtadien\u012f\" href=\"https:\/\/ringuvos-sm.siauliai.lm.lt\/?page_id=5562\" rel=\"bookmark\">2015 09 11 \u00a0I\u0161vyka \u012f \u0160iauli\u0173 miesto 779 gimtadien\u012f<\/a><\/span><\/h5>\n<h5><span style=\"color: #000000;\"><a style=\"color: #000000;\" href=\"https:\/\/ringuvos-sm.siauliai.lm.lt\/?page_id=5711\">\u00a02015 09 \u00a009 Akcija ,,Ruduo \u017eiedais pra\u017eydo\u201d<\/a><\/span><\/h5>\n","protected":false},"excerpt":{"rendered":"<p>2015-2016 m.m. 2016 06 03 Paskutinio skambu\u010dio \u0161vent\u0117 2016 05 31 I\u0161vyka \u012f Anyk\u0161\u010dius\u00a0 2016 05 27\u00a0Akcija ,,\u017dyd\u0117k, mokykl\u0117le&#8221;\u00a0 2016 05 26 Edukacinis u\u017esi\u0117mimas \u201ePiemen\u0117li\u0173 vargai ir pramogos\u201c 2016 05 20 Renginys ,,Tas pieni\u0173 geltonis\u201c 2016 05 19 Respublikin\u0117 speciali\u0173j\u0173 &hellip; <a href=\"https:\/\/ringuvos-sm.siauliai.lm.lt\/?page_id=8148\">Continue reading <span class=\"meta-nav\">&rarr;<\/span><\/a><\/p>\n","protected":false},"author":2,"featured_media":0,"parent":0,"menu_order":0,"comment_status":"closed","ping_status":"closed","template":"","meta":{"ngg_post_thumbnail":0,"footnotes":""},"class_list":["post-8148","page","type-page","status-publish","hentry"],"_links":{"self":[{"href":"https:\/\/ringuvos-sm.siauliai.lm.lt\/index.php?rest_route=\/wp\/v2\/pages\/8148","targetHints":{"allow":["GET"]}}],"collection":[{"href":"https:\/\/ringuvos-sm.siauliai.lm.lt\/index.php?rest_route=\/wp\/v2\/pages"}],"about":[{"href":"https:\/\/ringuvos-sm.siauliai.lm.lt\/index.php?rest_route=\/wp\/v2\/types\/page"}],"author":[{"embeddable":true,"href":"https:\/\/ringuvos-sm.siauliai.lm.lt\/index.php?rest_route=\/wp\/v2\/users\/2"}],"replies":[{"embeddable":true,"href":"https:\/\/ringuvos-sm.siauliai.lm.lt\/index.php?rest_route=%2Fwp%2Fv2%2Fcomments&post=8148"}],"version-history":[{"count":1,"href":"https:\/\/ringuvos-sm.siauliai.lm.lt\/index.php?rest_route=\/wp\/v2\/pages\/8148\/revisions"}],"predecessor-version":[{"id":8149,"href":"https:\/\/ringuvos-sm.siauliai.lm.lt\/index.php?rest_route=\/wp\/v2\/pages\/8148\/revisions\/8149"}],"wp:attachment":[{"href":"https:\/\/ringuvos-sm.siauliai.lm.lt\/index.php?rest_route=%2Fwp%2Fv2%2Fmedia&parent=8148"}],"curies":[{"name":"wp","href":"https:\/\/api.w.org\/{rel}","templated":true}]}}