{"id":8408,"date":"2016-10-10T17:25:41","date_gmt":"2016-10-10T15:25:41","guid":{"rendered":"https:\/\/ringuvos-sm.siauliai.lm.lt\/?page_id=8408"},"modified":"2016-10-10T17:28:10","modified_gmt":"2016-10-10T15:28:10","slug":"2016-10-10-pasauline-koses-diena","status":"publish","type":"page","link":"https:\/\/ringuvos-sm.siauliai.lm.lt\/?page_id=8408","title":{"rendered":"2016 10 10 Pasaulin\u0117 ko\u0161\u0117s diena"},"content":{"rendered":"<p><strong><a href=\"https:\/\/ringuvos-sm.siauliai.lm.lt\/?page_id=8408\">ngg_shortcode_0_placeholder<\/a><\/strong><\/p>\n","protected":false},"excerpt":{"rendered":"","protected":false},"author":2,"featured_media":0,"parent":0,"menu_order":0,"comment_status":"closed","ping_status":"closed","template":"","meta":{"ngg_post_thumbnail":0,"footnotes":""},"class_list":["post-8408","page","type-page","status-publish","hentry"],"_links":{"self":[{"href":"https:\/\/ringuvos-sm.siauliai.lm.lt\/index.php?rest_route=\/wp\/v2\/pages\/8408","targetHints":{"allow":["GET"]}}],"collection":[{"href":"https:\/\/ringuvos-sm.siauliai.lm.lt\/index.php?rest_route=\/wp\/v2\/pages"}],"about":[{"href":"https:\/\/ringuvos-sm.siauliai.lm.lt\/index.php?rest_route=\/wp\/v2\/types\/page"}],"author":[{"embeddable":true,"href":"https:\/\/ringuvos-sm.siauliai.lm.lt\/index.php?rest_route=\/wp\/v2\/users\/2"}],"replies":[{"embeddable":true,"href":"https:\/\/ringuvos-sm.siauliai.lm.lt\/index.php?rest_route=%2Fwp%2Fv2%2Fcomments&post=8408"}],"version-history":[{"count":2,"href":"https:\/\/ringuvos-sm.siauliai.lm.lt\/index.php?rest_route=\/wp\/v2\/pages\/8408\/revisions"}],"predecessor-version":[{"id":8411,"href":"https:\/\/ringuvos-sm.siauliai.lm.lt\/index.php?rest_route=\/wp\/v2\/pages\/8408\/revisions\/8411"}],"wp:attachment":[{"href":"https:\/\/ringuvos-sm.siauliai.lm.lt\/index.php?rest_route=%2Fwp%2Fv2%2Fmedia&parent=8408"}],"curies":[{"name":"wp","href":"https:\/\/api.w.org\/{rel}","templated":true}]}}