{"id":887,"date":"2013-04-18T22:40:47","date_gmt":"2013-04-18T20:40:47","guid":{"rendered":"https:\/\/ringuvos-sm.siauliai.lm.lt\/?page_id=887"},"modified":"2021-05-07T17:21:55","modified_gmt":"2021-05-07T15:21:55","slug":"tvarkarasciai-2","status":"publish","type":"page","link":"https:\/\/ringuvos-sm.siauliai.lm.lt\/?page_id=887","title":{"rendered":"Tvarkara\u0161\u010diai"},"content":{"rendered":"<h5>&nbsp;<\/h5>\n<h5>&nbsp;<\/h5>\n<h6>&nbsp;<\/h6>\n<h6>&nbsp;<\/h6>\n<ol>\n<li>\n<h6><span style=\"color: #000000;\">&nbsp;Pamok\u0173 tvarkara\u0161tis (mokytojams) &nbsp;<\/span><\/h6>\n<\/li>\n<li>\n<h6><span style=\"color: #000000;\">&nbsp;Pamok\u0173 tvarkara\u0161tis (6 \u2013 10 speciali\u0173j\u0173 klasi\u0173) <\/span><\/h6>\n<\/li>\n<li>\n<h6><span style=\"color: #000000;\">&nbsp;<\/span><span style=\"color: #000000;\">Neformaliojo ugdymo (b\u016breli\u0173)&nbsp; tvarkara\u0161tis&nbsp;<\/span><\/h6>\n<\/li>\n<li>\n<h6><span style=\"color: #000000;\">Aukl\u0117toj\u0173 ir pailgintos dienos grupi\u0173 tvarkara\u0161\u010diai <span style=\"color: #008000;\">&nbsp;<\/span><\/span><\/h6>\n<\/li>\n<\/ol>\n<h5>&nbsp;<\/h5>\n<h5>&nbsp;<\/h5>\n<h5>&nbsp;<\/h5>\n<h5>&nbsp;<\/h5>\n<h5><span style=\"color: #000000;\">&nbsp;<\/span><\/h5>\n<h5>&nbsp;<\/h5>\n<h6>&nbsp;<\/h6>\n<h6>&nbsp;<\/h6>\n<h6>&nbsp;<\/h6>\n","protected":false},"excerpt":{"rendered":"<p>&nbsp; &nbsp; &nbsp; &nbsp; &nbsp;Pamok\u0173 tvarkara\u0161tis (mokytojams) &nbsp; &nbsp;Pamok\u0173 tvarkara\u0161tis (6 \u2013 10 speciali\u0173j\u0173 klasi\u0173) &nbsp;Neformaliojo ugdymo (b\u016breli\u0173)&nbsp; tvarkara\u0161tis&nbsp; Aukl\u0117toj\u0173 ir pailgintos dienos grupi\u0173 tvarkara\u0161\u010diai &nbsp; &nbsp; &nbsp; &nbsp; &nbsp; &nbsp; &nbsp; &nbsp; &nbsp; &nbsp;<\/p>\n","protected":false},"author":2,"featured_media":0,"parent":0,"menu_order":0,"comment_status":"closed","ping_status":"closed","template":"","meta":{"ngg_post_thumbnail":0,"footnotes":""},"class_list":["post-887","page","type-page","status-publish","hentry"],"_links":{"self":[{"href":"https:\/\/ringuvos-sm.siauliai.lm.lt\/index.php?rest_route=\/wp\/v2\/pages\/887","targetHints":{"allow":["GET"]}}],"collection":[{"href":"https:\/\/ringuvos-sm.siauliai.lm.lt\/index.php?rest_route=\/wp\/v2\/pages"}],"about":[{"href":"https:\/\/ringuvos-sm.siauliai.lm.lt\/index.php?rest_route=\/wp\/v2\/types\/page"}],"author":[{"embeddable":true,"href":"https:\/\/ringuvos-sm.siauliai.lm.lt\/index.php?rest_route=\/wp\/v2\/users\/2"}],"replies":[{"embeddable":true,"href":"https:\/\/ringuvos-sm.siauliai.lm.lt\/index.php?rest_route=%2Fwp%2Fv2%2Fcomments&post=887"}],"version-history":[{"count":62,"href":"https:\/\/ringuvos-sm.siauliai.lm.lt\/index.php?rest_route=\/wp\/v2\/pages\/887\/revisions"}],"predecessor-version":[{"id":17289,"href":"https:\/\/ringuvos-sm.siauliai.lm.lt\/index.php?rest_route=\/wp\/v2\/pages\/887\/revisions\/17289"}],"wp:attachment":[{"href":"https:\/\/ringuvos-sm.siauliai.lm.lt\/index.php?rest_route=%2Fwp%2Fv2%2Fmedia&parent=887"}],"curies":[{"name":"wp","href":"https:\/\/api.w.org\/{rel}","templated":true}]}}