{"id":8945,"date":"2017-01-15T21:11:51","date_gmt":"2017-01-15T19:11:51","guid":{"rendered":"https:\/\/ringuvos-sm.siauliai.lm.lt\/?page_id=8945"},"modified":"2026-03-27T06:49:40","modified_gmt":"2026-03-27T04:49:40","slug":"administracija-2","status":"publish","type":"page","link":"https:\/\/ringuvos-sm.siauliai.lm.lt\/?page_id=8945","title":{"rendered":"Administracija"},"content":{"rendered":"<h6 style=\"text-align: center;\"><strong><span style=\"color: #000000;\">&nbsp; &nbsp; &nbsp; &nbsp; &nbsp; &nbsp; &nbsp; &nbsp; &nbsp; &nbsp; &nbsp; &nbsp; &nbsp; &nbsp; &nbsp; &nbsp; &nbsp; &nbsp; &nbsp; &nbsp; &nbsp; &nbsp; &nbsp; &nbsp; &nbsp; &nbsp; &nbsp; &nbsp; &nbsp; &nbsp; &nbsp; &nbsp; &nbsp; &nbsp; &nbsp; &nbsp;<img loading=\"lazy\" decoding=\"async\" class=\"wp-image-12534 aligncenter\" src=\"https:\/\/ringuvos-sm.siauliai.lm.lt\/wp-content\/uploads\/2019\/03\/Lijana-giedraitiene-direktore-foto.jpg\" alt=\"\" width=\"133\" height=\"199\" srcset=\"https:\/\/ringuvos-sm.siauliai.lm.lt\/wp-content\/uploads\/2019\/03\/Lijana-giedraitiene-direktore-foto.jpg 300w, https:\/\/ringuvos-sm.siauliai.lm.lt\/wp-content\/uploads\/2019\/03\/Lijana-giedraitiene-direktore-foto-200x300.jpg 200w\" sizes=\"auto, (max-width: 133px) 100vw, 133px\" \/><\/span><\/strong><\/h6>\n<h5 style=\"text-align: center;\"><span style=\"color: #000000;\"><strong>Direktor\u0117&nbsp; Lijana Giedraitien\u0117<\/strong><\/span><\/h5>\n<h5 style=\"text-align: center;\"><a href=\"https:\/\/ringuvos-sm.siauliai.lm.lt\/?page_id=9\"><span style=\"color: #008000;\"><strong>Vadov\u0173 darbotvark\u0117, atostogos, komandiruot\u0117s, nedarbingumas<\/strong>&nbsp; \u010cIA<\/span>&nbsp;<\/a><\/h5>\n<h5 style=\"text-align: center;\"><span style=\"color: #000000;\">tel. (0 41) 504 260<\/span><\/h5>\n<h5 style=\"text-align: center;\"><span style=\"color: #000000;\">lijana.giedraitiene@ringuvosmokykla.lt&nbsp;&nbsp;<\/span><\/h5>\n<h5 style=\"text-align: center;\"><span style=\"color: #000000;\">Pareigyb\u0117s apra\u0161as&nbsp; <span style=\"color: #008000;\"><a style=\"color: #008000;\" href=\"https:\/\/ringuvos-sm.siauliai.lm.lt\/wp-content\/uploads\/2024\/09\/bendrojo_ugdymo_pareigybe_2024.pdf\">pdf&nbsp;<\/a><\/span><\/span><\/h5>\n<h5>&nbsp; &nbsp; &nbsp; &nbsp; &nbsp; &nbsp; &nbsp; &nbsp; &nbsp; &nbsp; &nbsp; &nbsp; &nbsp; &nbsp; &nbsp; &nbsp; &nbsp; &nbsp; &nbsp; &nbsp; &nbsp; &nbsp; &nbsp; <span style=\"color: #000000;\">&nbsp;Gyvenimo apra\u0161ymas<\/span><a href=\"https:\/\/ringuvos-sm.siauliai.lm.lt\/wp-content\/uploads\/2019\/03\/gyvenimo_-aprasymas_LIJANA_GIEDRAITIENE_2019.doc\"> <span style=\"color: #008000;\">doc<\/span><\/a><\/h5>\n<h5>&nbsp; &nbsp; &nbsp; &nbsp; &nbsp; &nbsp; &nbsp; &nbsp; &nbsp; &nbsp; &nbsp; &nbsp; &nbsp; &nbsp; &nbsp;<span style=\"color: #000000;\">2019 met\u0173 veiklos u\u017eduotys, rezultatai ir rodikliai&nbsp;<\/span> <span style=\"color: #008000;\"><a style=\"color: #008000;\" href=\"https:\/\/ringuvos-sm.siauliai.lm.lt\/wp-content\/uploads\/2019\/09\/Direktor\u0117s-veiklos-u\u017eduotys_2019-m..pdf\">pdf<\/a><\/span><\/h5>\n<h5>&nbsp; &nbsp; &nbsp; &nbsp; &nbsp; &nbsp; &nbsp; &nbsp; &nbsp; &nbsp; &nbsp; &nbsp; &nbsp; &nbsp; &nbsp; &nbsp; &nbsp; &nbsp;<span style=\"color: #000000;\"> &nbsp; 2019 met\u0173&nbsp; veiklos ataskaita&nbsp;<a href=\"https:\/\/ringuvos-sm.siauliai.lm.lt\/wp-content\/uploads\/2020\/05\/Ringuvos_mokykla.pdf\">&nbsp;<span style=\"color: #008000;\">pdf&nbsp;<\/span><\/a><\/span><\/h5>\n<h5 style=\"text-align: center;\"><span style=\"color: #000000;\">2020 met\u0173 veiklos ataskaita<\/span>&nbsp; &nbsp;<span style=\"color: #008000;\"><a style=\"color: #008000;\" href=\"https:\/\/ringuvos-sm.siauliai.lm.lt\/wp-content\/uploads\/2021\/05\/ATASKAITA-R.pdf\">pdf<\/a><\/span><\/h5>\n<h5 style=\"text-align: center;\"><span style=\"color: #000000;\">2021 met\u0173 veiklos ataskaita&nbsp;&nbsp;<\/span><a href=\"https:\/\/ringuvos-sm.siauliai.lm.lt\/wp-content\/uploads\/2022\/03\/LIJANA_GIEDRAITIENE-2022-ataskaita.pdf\"> <span style=\"color: #008000;\">pdf&nbsp;<\/span><\/a><\/h5>\n<h5 style=\"text-align: center;\"><span style=\"color: #000000;\">2022 met\u0173 veiklos ataskaita<\/span> <span style=\"color: #008000;\"><a style=\"color: #008000;\" href=\"https:\/\/ringuvos-sm.siauliai.lm.lt\/wp-content\/uploads\/2023\/03\/2023-02-27-l.giedraitienes-veiklos-ataskaita-uz-2022.pdf\">pdf<\/a><\/span><\/h5>\n<h5 style=\"text-align: center;\"><span style=\"color: #000000;\">2023 met\u0173 veiklos ataskaita<\/span> <a href=\"https:\/\/ringuvos-sm.siauliai.lm.lt\/wp-content\/uploads\/2024\/05\/LIJANA-GIEDRAITIENE-2023-patvirtinta.pdf\"><span style=\"color: #008000;\">pdf<\/span><\/a><\/h5>\n<h5 style=\"text-align: center;\"><span style=\"color: #000000;\">2024 met\u0173 veiklos ataskaita<\/span><a href=\"https:\/\/ringuvos-sm.siauliai.lm.lt\/wp-content\/uploads\/2025\/02\/Lijana_Giedraitiene_Ringuvos_mokykla_veiklos_vertinimas_2024_1.pdf\"> <span style=\"color: #008000;\">pdf<\/span><\/a><\/h5>\n<h5 style=\"text-align: center;\"><span style=\"color: #000000;\">2025 met\u0173 veiklos ataskaita<\/span> &nbsp;<a href=\"https:\/\/ringuvos-sm.siauliai.lm.lt\/wp-content\/uploads\/2026\/03\/L_Giedraitiene-ataskaita.pdf\"><span style=\"color: #008000;\">pdf&nbsp;<\/span><\/a><\/h5>\n<p>&nbsp;<\/p>\n<p>&nbsp;<\/p>\n<h5>&nbsp;<\/h5>\n<h5 style=\"text-align: center;\"><strong>&nbsp;<\/strong><\/h5>\n<h5><strong>&nbsp; &nbsp; &nbsp; &nbsp; &nbsp; &nbsp; &nbsp; &nbsp; &nbsp; &nbsp; &nbsp; &nbsp; &nbsp; &nbsp; &nbsp; &nbsp; &nbsp; &nbsp; &nbsp; &nbsp; &nbsp; &nbsp; &nbsp; &nbsp;<\/strong><img loading=\"lazy\" decoding=\"async\" class=\"wp-image-8941\" src=\"https:\/\/ringuvos-sm.siauliai.lm.lt\/wp-content\/uploads\/2017\/01\/pavad-salvinia-571x600.jpg\" alt=\"pavad salvinia\" width=\"158\" height=\"167\" srcset=\"https:\/\/ringuvos-sm.siauliai.lm.lt\/wp-content\/uploads\/2017\/01\/pavad-salvinia-571x600.jpg 571w, https:\/\/ringuvos-sm.siauliai.lm.lt\/wp-content\/uploads\/2017\/01\/pavad-salvinia-286x300.jpg 286w, https:\/\/ringuvos-sm.siauliai.lm.lt\/wp-content\/uploads\/2017\/01\/pavad-salvinia.jpg 600w\" sizes=\"auto, (max-width: 158px) 100vw, 158px\" \/><\/h5>\n<h5>&nbsp; &nbsp; &nbsp; &nbsp; &nbsp; &nbsp; &nbsp; &nbsp; &nbsp; &nbsp; &nbsp; &nbsp; &nbsp; <span style=\"color: #000000;\"><strong>Direktoriaus &nbsp;pavaduotoja&nbsp; Salvinija \u017dukien\u0117&nbsp;<\/strong><\/span><\/h5>\n<h5 style=\"text-align: center;\"><span style=\"color: #000000;\">&nbsp;tel. 0 684 55 042<br><\/span><\/h5>\n<h5 style=\"text-align: center;\"><span style=\"color: #000000;\">salvinija.zukiene@<\/span><span style=\"color: #000000;\">ringuvosmokykla.lt&nbsp;<\/span><\/h5>\n<h6 style=\"text-align: center;\"><span style=\"color: #000000;\">&nbsp;<\/span><\/h6>\n<h5 style=\"text-align: center;\">&nbsp;<\/h5>\n<p><a href=\"https:\/\/ringuvos-sm.siauliai.lm.lt\/wp-content\/uploads\/2017\/01\/pavad-roma-geras.jpg\"><img loading=\"lazy\" decoding=\"async\" class=\" wp-image-8961 aligncenter\" src=\"https:\/\/ringuvos-sm.siauliai.lm.lt\/wp-content\/uploads\/2017\/01\/pavad-roma-geras-457x600.jpg\" alt=\"pavad roma- geras\" width=\"131\" height=\"172\" srcset=\"https:\/\/ringuvos-sm.siauliai.lm.lt\/wp-content\/uploads\/2017\/01\/pavad-roma-geras-457x600.jpg 457w, https:\/\/ringuvos-sm.siauliai.lm.lt\/wp-content\/uploads\/2017\/01\/pavad-roma-geras-228x300.jpg 228w, https:\/\/ringuvos-sm.siauliai.lm.lt\/wp-content\/uploads\/2017\/01\/pavad-roma-geras.jpg 600w\" sizes=\"auto, (max-width: 131px) 100vw, 131px\" \/><\/a><\/p>\n<h5 style=\"text-align: center;\"><span style=\"color: #000000;\"><strong>Direktoriaus &nbsp;pavaduotoja&nbsp; <\/strong><\/span><span style=\"color: #000000;\"><strong>Roma Rimkevi\u010dien\u0117<\/strong><br>&nbsp;tel. 0 684 55 042<\/span><\/h5>\n<h5 style=\"text-align: center;\"><span style=\"color: #000000;\">roma.rimkeviciene@<\/span><span style=\"color: #000000;\">ringuvosmokykla.lt&nbsp;<\/span><\/h5>\n\n\n<p><\/p>\n","protected":false},"excerpt":{"rendered":"<p>&nbsp; &nbsp; &nbsp; &nbsp; &nbsp; &nbsp; &nbsp; &nbsp; &nbsp; &nbsp; &nbsp; &nbsp; &nbsp; &nbsp; &nbsp; &nbsp; &nbsp; &nbsp; &nbsp; &nbsp; &nbsp; &nbsp; &nbsp; &nbsp; &nbsp; &nbsp; &nbsp; &nbsp; &nbsp; &nbsp; &nbsp; &nbsp; &nbsp; &nbsp; &nbsp; &nbsp; Direktor\u0117&nbsp; Lijana Giedraitien\u0117 Vadov\u0173 &hellip; <a href=\"https:\/\/ringuvos-sm.siauliai.lm.lt\/?page_id=8945\">Continue reading <span class=\"meta-nav\">&rarr;<\/span><\/a><\/p>\n","protected":false},"author":2,"featured_media":0,"parent":0,"menu_order":0,"comment_status":"closed","ping_status":"closed","template":"","meta":{"ngg_post_thumbnail":0,"footnotes":""},"class_list":["post-8945","page","type-page","status-publish","hentry"],"_links":{"self":[{"href":"https:\/\/ringuvos-sm.siauliai.lm.lt\/index.php?rest_route=\/wp\/v2\/pages\/8945","targetHints":{"allow":["GET"]}}],"collection":[{"href":"https:\/\/ringuvos-sm.siauliai.lm.lt\/index.php?rest_route=\/wp\/v2\/pages"}],"about":[{"href":"https:\/\/ringuvos-sm.siauliai.lm.lt\/index.php?rest_route=\/wp\/v2\/types\/page"}],"author":[{"embeddable":true,"href":"https:\/\/ringuvos-sm.siauliai.lm.lt\/index.php?rest_route=\/wp\/v2\/users\/2"}],"replies":[{"embeddable":true,"href":"https:\/\/ringuvos-sm.siauliai.lm.lt\/index.php?rest_route=%2Fwp%2Fv2%2Fcomments&post=8945"}],"version-history":[{"count":72,"href":"https:\/\/ringuvos-sm.siauliai.lm.lt\/index.php?rest_route=\/wp\/v2\/pages\/8945\/revisions"}],"predecessor-version":[{"id":21377,"href":"https:\/\/ringuvos-sm.siauliai.lm.lt\/index.php?rest_route=\/wp\/v2\/pages\/8945\/revisions\/21377"}],"wp:attachment":[{"href":"https:\/\/ringuvos-sm.siauliai.lm.lt\/index.php?rest_route=%2Fwp%2Fv2%2Fmedia&parent=8945"}],"curies":[{"name":"wp","href":"https:\/\/api.w.org\/{rel}","templated":true}]}}