{"id":8984,"date":"2017-01-17T22:28:55","date_gmt":"2017-01-17T20:28:55","guid":{"rendered":"https:\/\/ringuvos-sm.siauliai.lm.lt\/?page_id=8984"},"modified":"2021-09-18T07:29:33","modified_gmt":"2021-09-18T05:29:33","slug":"vadovu-darbotvarke","status":"publish","type":"page","link":"https:\/\/ringuvos-sm.siauliai.lm.lt\/?page_id=8984","title":{"rendered":"Vadov\u0173 darbotvark\u0117"},"content":{"rendered":"<h5>&nbsp;<\/h5>\n<h5><span style=\"color: #000000;\"><a style=\"color: #000000;\" href=\"https:\/\/ringuvos-sm.siauliai.lm.lt\/?page_id=9\"><strong>Vadov\u0173 darbotvark\u0117, atostogos, komandiruot\u0117s, nedarbingumas<\/strong>&nbsp;<span style=\"color: #008000;\">&nbsp;\u010dia&nbsp;<\/span><\/a><\/span><\/h5>\n\n\n<p><\/p>\n","protected":false},"excerpt":{"rendered":"<p>&nbsp; Vadov\u0173 darbotvark\u0117, atostogos, komandiruot\u0117s, nedarbingumas&nbsp;&nbsp;\u010dia&nbsp;<\/p>\n","protected":false},"author":2,"featured_media":0,"parent":0,"menu_order":0,"comment_status":"closed","ping_status":"closed","template":"","meta":{"ngg_post_thumbnail":0,"footnotes":""},"class_list":["post-8984","page","type-page","status-publish","hentry"],"_links":{"self":[{"href":"https:\/\/ringuvos-sm.siauliai.lm.lt\/index.php?rest_route=\/wp\/v2\/pages\/8984","targetHints":{"allow":["GET"]}}],"collection":[{"href":"https:\/\/ringuvos-sm.siauliai.lm.lt\/index.php?rest_route=\/wp\/v2\/pages"}],"about":[{"href":"https:\/\/ringuvos-sm.siauliai.lm.lt\/index.php?rest_route=\/wp\/v2\/types\/page"}],"author":[{"embeddable":true,"href":"https:\/\/ringuvos-sm.siauliai.lm.lt\/index.php?rest_route=\/wp\/v2\/users\/2"}],"replies":[{"embeddable":true,"href":"https:\/\/ringuvos-sm.siauliai.lm.lt\/index.php?rest_route=%2Fwp%2Fv2%2Fcomments&post=8984"}],"version-history":[{"count":6,"href":"https:\/\/ringuvos-sm.siauliai.lm.lt\/index.php?rest_route=\/wp\/v2\/pages\/8984\/revisions"}],"predecessor-version":[{"id":17584,"href":"https:\/\/ringuvos-sm.siauliai.lm.lt\/index.php?rest_route=\/wp\/v2\/pages\/8984\/revisions\/17584"}],"wp:attachment":[{"href":"https:\/\/ringuvos-sm.siauliai.lm.lt\/index.php?rest_route=%2Fwp%2Fv2%2Fmedia&parent=8984"}],"curies":[{"name":"wp","href":"https:\/\/api.w.org\/{rel}","templated":true}]}}