{"id":9000,"date":"2017-01-18T18:18:36","date_gmt":"2017-01-18T16:18:36","guid":{"rendered":"https:\/\/ringuvos-sm.siauliai.lm.lt\/?page_id=9000"},"modified":"2025-11-11T19:38:36","modified_gmt":"2025-11-11T17:38:36","slug":"klasiu-vadovai","status":"publish","type":"page","link":"https:\/\/ringuvos-sm.siauliai.lm.lt\/?page_id=9000","title":{"rendered":"Klasi\u0173 vadovai"},"content":{"rendered":"<h6><span style=\"color: #008000;\">2025\u20132026 m. m.<\/span><\/h6>\n<h6><span style=\"color: #000000;\">1 \u2013 2 lavinamoji klas\u0117&nbsp; \u2013&nbsp; <\/span><span style=\"color: #000000;\">vadov\u0117 Vilma Burbien\u0117<\/span><\/h6>\n<h6><span style=\"color: #000000;\">3 \u2013 4 specialioji klas\u0117&nbsp; \u2013&nbsp; vadov\u0117 Kristina Sankauskien\u0117<\/span><\/h6>\n<h6><span style=\"color: #000000;\">4 lavinamoji klas\u0117 \u2013&nbsp; vadov\u0117 Kornelija Gindulyt\u0117&nbsp;<\/span><\/h6>\n<h6><span style=\"color: #000000;\">5 \u2013 6A lavinamoji klas\u0117 \u2013&nbsp; vadov\u0117 Vaida Ma\u010di\u016bn\u0117<\/span><\/h6>\n<h6><span style=\"color: #000000;\">5 \u2013 6 \u2013 7A specialioji klas\u0117 &nbsp;\u2013&nbsp; vadov\u0117&nbsp;&nbsp;Daiva Laurutien\u0117<\/span><\/h6>\n<h6><span style=\"color: #000000;\">6 \u2013 7 \u2013 8 lavinamoji&nbsp; &nbsp;klas\u0117 \u2013 vadov\u0117 Silva Jaugien\u0117&nbsp;<\/span><\/h6>\n<h6><span style=\"color: #000000;\">7 \u2013 8&nbsp; specialioji klas\u0117 \u2013 vadov\u0117&nbsp; Rita \u0160imon\u0117lien\u0117&nbsp;<\/span><\/h6>\n<h6><span style=\"color: #000000;\">9 \u2013 10A lavinamoji klas\u0117&nbsp; \u2013&nbsp; vadov\u0117 Sanjana \u0160edovikien\u0117<\/span><\/h6>\n<h6><span style=\"color: #000000;\">10 lavinamoji klas\u0117&nbsp; \u2013&nbsp; vadov\u0117 Rita Griciuvien\u0117<\/span><\/h6>\n<h6><span style=\"color: #000000;\">9 \u2013 10&nbsp; specialioji klas\u0117 \u2013&nbsp; vadov\u0117&nbsp; Lijana Pigulevi\u010dien\u0117<\/span><\/h6>\n<h6><span style=\"color: #000000;\">Socialini\u0173 \u012fg\u016bd\u017ei\u0173 ugdymo klas\u0117 Nr.1 \u2013 vadov\u0117&nbsp; Vaida Linkuvien\u0117<\/span><\/h6>\n<h6><span style=\"color: #000000;\">Socialini\u0173 \u012fg\u016bd\u017ei\u0173 ugdymo klas\u0117 Nr. 2&nbsp; \u2013 &nbsp;vadov\u0117&nbsp; Raimonda Vaitiek\u016bnait\u0117<\/span><\/h6>\n<h6><span style=\"color: #000000;\">Socialini\u0173 \u012fg\u016bd\u017ei\u0173 ugdymo klas\u0117 Nr. 3 \u2013&nbsp; vadov\u0117&nbsp; Renata Bru\u017eien\u0117<\/span><\/h6>\n<h6>&nbsp;<\/h6>\n","protected":false},"excerpt":{"rendered":"<p>2025\u20132026 m. m. 1 \u2013 2 lavinamoji klas\u0117&nbsp; \u2013&nbsp; vadov\u0117 Vilma Burbien\u0117 3 \u2013 4 specialioji klas\u0117&nbsp; \u2013&nbsp; vadov\u0117 Kristina Sankauskien\u0117 4 lavinamoji klas\u0117 \u2013&nbsp; vadov\u0117 Kornelija Gindulyt\u0117&nbsp; 5 \u2013 6A lavinamoji klas\u0117 \u2013&nbsp; vadov\u0117 Vaida Ma\u010di\u016bn\u0117 5 \u2013 6 &hellip; <a href=\"https:\/\/ringuvos-sm.siauliai.lm.lt\/?page_id=9000\">Continue reading <span class=\"meta-nav\">&rarr;<\/span><\/a><\/p>\n","protected":false},"author":2,"featured_media":0,"parent":0,"menu_order":0,"comment_status":"closed","ping_status":"closed","template":"","meta":{"ngg_post_thumbnail":0,"footnotes":""},"class_list":["post-9000","page","type-page","status-publish","hentry"],"_links":{"self":[{"href":"https:\/\/ringuvos-sm.siauliai.lm.lt\/index.php?rest_route=\/wp\/v2\/pages\/9000","targetHints":{"allow":["GET"]}}],"collection":[{"href":"https:\/\/ringuvos-sm.siauliai.lm.lt\/index.php?rest_route=\/wp\/v2\/pages"}],"about":[{"href":"https:\/\/ringuvos-sm.siauliai.lm.lt\/index.php?rest_route=\/wp\/v2\/types\/page"}],"author":[{"embeddable":true,"href":"https:\/\/ringuvos-sm.siauliai.lm.lt\/index.php?rest_route=\/wp\/v2\/users\/2"}],"replies":[{"embeddable":true,"href":"https:\/\/ringuvos-sm.siauliai.lm.lt\/index.php?rest_route=%2Fwp%2Fv2%2Fcomments&post=9000"}],"version-history":[{"count":26,"href":"https:\/\/ringuvos-sm.siauliai.lm.lt\/index.php?rest_route=\/wp\/v2\/pages\/9000\/revisions"}],"predecessor-version":[{"id":21027,"href":"https:\/\/ringuvos-sm.siauliai.lm.lt\/index.php?rest_route=\/wp\/v2\/pages\/9000\/revisions\/21027"}],"wp:attachment":[{"href":"https:\/\/ringuvos-sm.siauliai.lm.lt\/index.php?rest_route=%2Fwp%2Fv2%2Fmedia&parent=9000"}],"curies":[{"name":"wp","href":"https:\/\/api.w.org\/{rel}","templated":true}]}}