{"id":9027,"date":"2017-01-18T20:58:42","date_gmt":"2017-01-18T18:58:42","guid":{"rendered":"https:\/\/ringuvos-sm.siauliai.lm.lt\/?page_id=9027"},"modified":"2026-01-20T23:06:01","modified_gmt":"2026-01-20T21:06:01","slug":"biudzeto-vykdymo-ataskaitu-rinkiniai","status":"publish","type":"page","link":"https:\/\/ringuvos-sm.siauliai.lm.lt\/?page_id=9027","title":{"rendered":"Biud\u017eeto vykdymo ataskait\u0173 rinkiniai"},"content":{"rendered":"<h6 style=\"text-align: justify;\"><span style=\"color: #000000;\">\u0160iauli\u0173 \u201eRinguvos\u2018\u2018&nbsp; mokyklos buhalterin\u0117s apskaitos politikos vadovas <\/span>&nbsp; <a href=\"https:\/\/ringuvos-sm.siauliai.lm.lt\/wp-content\/uploads\/2017\/12\/Apskaitos-politika-2017-m.-2.doc\"><span style=\"color: #008000;\">doc<\/span><\/a><\/h6>\n<hr>\n<h6><span style=\"color: #000000;\">Paramos l\u0117\u0161\u0173 ataskaita u\u017e 2023 m.<span style=\"color: #008000;\"><a style=\"color: #008000;\" href=\"https:\/\/ringuvos-sm.siauliai.lm.lt\/wp-content\/uploads\/2024\/02\/RN-Paramos-lesu-ataskaita-2023-m.xlsx\"> \u010cIA&nbsp;<\/a><\/span><\/span><\/h6>\n<hr>\n<h6>Biud\u017eeto vykdymo ataskait\u0173 rinkinys 2025m.&nbsp; 4 ketv.<a href=\"https:\/\/ringuvos-sm.siauliai.lm.lt\/wp-content\/uploads\/2026\/01\/BVAR-2025-IV-ketv.zip\"> <span style=\"color: #008000;\">zip<\/span><\/a><\/h6>\n<h6>Biud\u017eeto vykdymo ataskait\u0173 rinkinys 2025 m. 3 ketv.&nbsp;<span style=\"color: #008000;\"><a style=\"color: #008000;\" href=\"https:\/\/ringuvos-sm.siauliai.lm.lt\/wp-content\/uploads\/2026\/01\/BVAR-III-ketv-2025.zip\"> zip<\/a><\/span><\/h6>\n<h6>Biud\u017eeto vykdymo ataskait\u0173 rinkinys 2025m.&nbsp; 2 ketv. <span style=\"color: #008000;\"><a style=\"color: #008000;\" href=\"https:\/\/ringuvos-sm.siauliai.lm.lt\/wp-content\/uploads\/2025\/09\/biudzeto-vykd-ataskaita.zip\">zip<\/a><\/span><\/h6>\n<h6>Biud\u017eeto vykdymo ataskait\u0173 rinkinys 2025 m. 1 ketv.&nbsp; <span style=\"color: #008000;\"><a style=\"color: #008000;\" href=\"https:\/\/ringuvos-sm.siauliai.lm.lt\/wp-content\/uploads\/2025\/05\/biudetovykdymoataskaitrinkinys2025m_1ketv_papildyta.zip\">zip<\/a><\/span><\/h6>\n<hr>\n<h6><span style=\"color: #000000;\">Biud\u017eeto vykdymo ataskait\u0173 rinkinys&nbsp; 2024 m. 4 ketv<span style=\"color: #008000;\"><a style=\"color: #008000;\" href=\"https:\/\/ringuvos-sm.siauliai.lm.lt\/wp-content\/uploads\/2025\/05\/biudetovykdymoataskaitos.zip\"> zip&nbsp;<\/a><\/span><\/span><\/h6>\n<h6><span style=\"color: #000000;\">Biud\u017eeto vykdymo ataskait\u0173 rinkinys&nbsp; 2024 m. 3 ketv&nbsp;<span style=\"color: #008000;\"><a style=\"color: #008000;\" href=\"https:\/\/ringuvos-sm.siauliai.lm.lt\/wp-content\/uploads\/2023\/11\/patalpinimuisvetain_biudetovykdymoataskaitrinkinys-1-1.zip\"> zip&nbsp;<\/a><\/span><\/span><\/h6>\n<h6><span style=\"color: #000000;\">Biud\u017eeto vykdymo ataskait\u0173 rinkinys&nbsp; 2024 m. 2 ketv <span style=\"color: #008000;\"><a style=\"color: #008000;\" href=\"https:\/\/ringuvos-sm.siauliai.lm.lt\/wp-content\/uploads\/2024\/11\/biudzeto-vykdymo-2024-II-ketv.zip\">zip<\/a><\/span><\/span><\/h6>\n<h6><span style=\"color: #000000;\">Biud\u017eeto vykdymo ataskait\u0173 rinkinys&nbsp; 2024 m. 1 ketv <span style=\"color: #008000;\"><a style=\"color: #008000;\" href=\"https:\/\/ringuvos-sm.siauliai.lm.lt\/wp-content\/uploads\/2025\/01\/biudzeto-vykdymo-rinkiniai-2024-I-ketv.zip\">zip<\/a><\/span><\/span><\/h6>\n<hr>\n<h6><span style=\"color: #000000;\">Biud\u017eeto vykdymo ataskait\u0173 rinkinys&nbsp; 2023 m. 4 ketv<span style=\"color: #008000;\"> zip<\/span><\/span><\/h6>\n<h6><span style=\"color: #000000;\">Biud\u017eeto vykdymo ataskait\u0173 rinkinys&nbsp; 2023 m. 3 ketv&nbsp;<span style=\"color: #008000;\"><a style=\"color: #008000;\" href=\"https:\/\/ringuvos-sm.siauliai.lm.lt\/wp-content\/uploads\/2023\/11\/patalpinimuisvetain_biudetovykdymoataskaitrinkinys-1-1.zip\"> zip&nbsp;<\/a><\/span><\/span><\/h6>\n<h6><span style=\"color: #000000;\">Biud\u017eeto vykdymo ataskait\u0173 rinkinys&nbsp; 2023 m. 2 ketv <span style=\"color: #008000;\"><a style=\"color: #008000;\" href=\"https:\/\/ringuvos-sm.siauliai.lm.lt\/wp-content\/uploads\/2023\/11\/patalpinimuisvetain_biudetovykdymoataskaitrinkinys-2.zip\">zip<\/a><\/span><\/span><\/h6>\n<h6><span style=\"color: #000000;\">Biud\u017eeto vykdymo ataskait\u0173 rinkinys&nbsp; 2023 m. 1 ketv <a href=\"https:\/\/ringuvos-sm.siauliai.lm.lt\/wp-content\/uploads\/2023\/11\/patalpinimuisvetain_biudetovykdymoataskaitrinkinys-1.zip\"><span style=\"color: #008000;\">zip<\/span><\/a><\/span><\/h6>\n<p>&nbsp;<\/p>\n<hr>\n<h6><span style=\"color: #000000;\">Biud\u017eeto vykdymo ataskait\u0173 rinkinys&nbsp; 2022 m. 4 ketv<span style=\"color: #008000;\"> <a style=\"color: #008000;\" href=\"https:\/\/ringuvos-sm.siauliai.lm.lt\/wp-content\/uploads\/2023\/11\/patalpinimuisvetain_biudetovykdymoataskaitrinkinys.zip\">zip<\/a><\/span><\/span><\/h6>\n<h6><span style=\"color: #000000;\">Biud\u017eeto vykdymo ataskait\u0173 rinkinys&nbsp; 2022 m. 3 ketv&nbsp;<span style=\"color: #008000;\"><a style=\"color: #008000;\" href=\"https:\/\/ringuvos-sm.siauliai.lm.lt\/wp-content\/uploads\/2022\/11\/biudzeto-vykd-2022-III.7z\"> zip&nbsp;<\/a><\/span><\/span><\/h6>\n<h6><span style=\"color: #000000;\">Biud\u017eeto vykdymo ataskait\u0173 rinkinys&nbsp; 2022 m. 2 ketv <span style=\"color: #008000;\"><a style=\"color: #008000;\" href=\"https:\/\/ringuvos-sm.siauliai.lm.lt\/wp-content\/uploads\/2022\/11\/biudzeto-vykd-2022-II.7z\">zip<\/a><\/span><\/span><\/h6>\n<h6><span style=\"color: #000000;\">Biud\u017eeto vykdymo ataskait\u0173 rinkinys&nbsp; 2022 m. 1 ketv <span style=\"color: #008000;\"><a style=\"color: #008000;\" href=\"https:\/\/ringuvos-sm.siauliai.lm.lt\/wp-content\/uploads\/2022\/11\/biudzeto-vykd-2022-I.7z\">zip<\/a><\/span><\/span><\/h6>\n<hr>\n<h6><span style=\"color: #000000;\">Biud\u017eeto vykdymo ataskait\u0173 rinkinys&nbsp; 2021 m. 4 ketv <span style=\"color: #008000;\"><a style=\"color: #008000;\" href=\"https:\/\/ringuvos-sm.siauliai.lm.lt\/wp-content\/uploads\/2022\/11\/biudzeto-vykd-2021-IV.7z\">zip<\/a><\/span><\/span><\/h6>\n<h6><span style=\"color: #000000;\">Biud\u017eeto vykdymo ataskait\u0173 rinkinys&nbsp; 2021 m. 3 ketv <span style=\"color: #008000;\"><a style=\"color: #008000;\" href=\"https:\/\/ringuvos-sm.siauliai.lm.lt\/wp-content\/uploads\/2022\/11\/biudzeto-vykd-2021-III.7z\">zip<\/a><\/span><\/span><\/h6>\n<h6><span style=\"color: #000000;\">Biud\u017eeto vykdymo ataskait\u0173 rinkinys&nbsp; 2021 m. 2 ketv <span style=\"color: #008000;\"><a style=\"color: #008000;\" href=\"https:\/\/ringuvos-sm.siauliai.lm.lt\/wp-content\/uploads\/2022\/11\/biudzeto-vykd-2021-II.7z\">zip<\/a><\/span><\/span><\/h6>\n<h6><span style=\"color: #000000;\">Biud\u017eeto vykdymo ataskait\u0173 rinkinys&nbsp; 2021 m. 1 ketv&nbsp; <span style=\"color: #008000;\"><a style=\"color: #008000;\" href=\"https:\/\/ringuvos-sm.siauliai.lm.lt\/wp-content\/uploads\/2022\/11\/biudzeto-vykd-2021-I.7z\">&nbsp;zip&nbsp;<\/a><\/span><\/span><\/h6>\n<p>&nbsp;<\/p>\n<hr>\n<h6><span style=\"color: #000000;\">Biud\u017eeto vykdymo ataskait\u0173 rinkinys&nbsp; 2020 m. 4 ketv <a href=\"https:\/\/ringuvos-sm.siauliai.lm.lt\/wp-content\/uploads\/2021\/02\/biudetovykdymas.zip\"><span style=\"color: #008000;\">zip<\/span><\/a><\/span><\/h6>\n<h6><span style=\"color: #000000;\">Biud\u017eeto vykdymo ataskait\u0173 rinkinys&nbsp; 2020 m. 3 ketv <span style=\"color: #008000;\"><a style=\"color: #008000;\" href=\"https:\/\/ringuvos-sm.siauliai.lm.lt\/wp-content\/uploads\/2020\/07\/ataskaitos.zip\">zip<\/a><\/span><\/span><\/h6>\n<h6><span style=\"color: #000000;\">Biud\u017eeto vykdymo ataskait\u0173 rinkinys&nbsp; 2020 m. 2 ketv <span style=\"color: #008000;\"><a style=\"color: #008000;\" href=\"https:\/\/ringuvos-sm.siauliai.lm.lt\/wp-content\/uploads\/2020\/07\/ataskaitos.zip\">zip<\/a><\/span><\/span><\/h6>\n<h6><span style=\"color: #000000;\">Biud\u017eeto vykdymo ataskait\u0173 rinkinys&nbsp; 2020 m. 1 ketv&nbsp; <span style=\"color: #008000;\"><a style=\"color: #008000;\" href=\"https:\/\/ringuvos-sm.siauliai.lm.lt\/wp-content\/uploads\/2020\/07\/ataskaitos.zip\">zip<\/a><\/span><\/span><\/h6>\n<hr>\n<h6 style=\"text-align: justify;\"><span style=\"color: #000000;\">Biud\u017eeto vykdymo ataskait\u0173 rinkinys &#8211; &nbsp;2019m. 4 ketv <a href=\"https:\/\/ringuvos-sm.siauliai.lm.lt\/wp-content\/uploads\/2020\/01\/fwdataskaitos.zip\"><span style=\"color: #008000;\">zip&nbsp;<\/span><\/a><\/span><\/h6>\n<h6 style=\"text-align: justify;\"><span style=\"color: #000000;\">Biud\u017eeto vykdymo ataskait\u0173 rinkinys &#8211; &nbsp;2019m. 3 ketv <span style=\"color: #008000;\"><a style=\"color: #008000;\" href=\"https:\/\/ringuvos-sm.siauliai.lm.lt\/wp-content\/uploads\/2019\/10\/biudetovykdymoataskaita.zip\">zip&nbsp;<\/a><\/span><\/span><\/h6>\n<h6 style=\"text-align: justify;\"><span style=\"color: #000000;\">Biud\u017eeto vykdymo ataskait\u0173 rinkinys &#8211; &nbsp;2019m. 2 ketv <a href=\"https:\/\/ringuvos-sm.siauliai.lm.lt\/wp-content\/uploads\/2019\/08\/ataskaitos.zip\"><span style=\"color: #008000;\">z<\/span><span style=\"color: #008000;\">ip<\/span> <\/a>&nbsp;<\/span><\/h6>\n<h6><span style=\"color: #000000;\">Biud\u017eeto vykdymo ataskait\u0173 rinkinys &#8211; 2019m. 1 ketv.<\/span> <span style=\"color: #008000;\"><a style=\"color: #008000;\" href=\"https:\/\/ringuvos-sm.siauliai.lm.lt\/wp-content\/uploads\/2019\/08\/ataskaits.zip\">zip<\/a><\/span><\/h6>\n<h5 style=\"text-align: justify;\">&nbsp;<\/h5>\n","protected":false},"excerpt":{"rendered":"<p>\u0160iauli\u0173 \u201eRinguvos\u2018\u2018&nbsp; mokyklos buhalterin\u0117s apskaitos politikos vadovas &nbsp; doc Paramos l\u0117\u0161\u0173 ataskaita u\u017e 2023 m. \u010cIA&nbsp; Biud\u017eeto vykdymo ataskait\u0173 rinkinys 2025m.&nbsp; 4 ketv. zip Biud\u017eeto vykdymo ataskait\u0173 rinkinys 2025 m. 3 ketv.&nbsp; zip Biud\u017eeto vykdymo ataskait\u0173 rinkinys 2025m.&nbsp; 2 ketv. &hellip; <a href=\"https:\/\/ringuvos-sm.siauliai.lm.lt\/?page_id=9027\">Continue reading <span class=\"meta-nav\">&rarr;<\/span><\/a><\/p>\n","protected":false},"author":2,"featured_media":0,"parent":0,"menu_order":0,"comment_status":"closed","ping_status":"closed","template":"","meta":{"ngg_post_thumbnail":0,"footnotes":""},"class_list":["post-9027","page","type-page","status-publish","hentry"],"_links":{"self":[{"href":"https:\/\/ringuvos-sm.siauliai.lm.lt\/index.php?rest_route=\/wp\/v2\/pages\/9027","targetHints":{"allow":["GET"]}}],"collection":[{"href":"https:\/\/ringuvos-sm.siauliai.lm.lt\/index.php?rest_route=\/wp\/v2\/pages"}],"about":[{"href":"https:\/\/ringuvos-sm.siauliai.lm.lt\/index.php?rest_route=\/wp\/v2\/types\/page"}],"author":[{"embeddable":true,"href":"https:\/\/ringuvos-sm.siauliai.lm.lt\/index.php?rest_route=\/wp\/v2\/users\/2"}],"replies":[{"embeddable":true,"href":"https:\/\/ringuvos-sm.siauliai.lm.lt\/index.php?rest_route=%2Fwp%2Fv2%2Fcomments&post=9027"}],"version-history":[{"count":43,"href":"https:\/\/ringuvos-sm.siauliai.lm.lt\/index.php?rest_route=\/wp\/v2\/pages\/9027\/revisions"}],"predecessor-version":[{"id":21190,"href":"https:\/\/ringuvos-sm.siauliai.lm.lt\/index.php?rest_route=\/wp\/v2\/pages\/9027\/revisions\/21190"}],"wp:attachment":[{"href":"https:\/\/ringuvos-sm.siauliai.lm.lt\/index.php?rest_route=%2Fwp%2Fv2%2Fmedia&parent=9027"}],"curies":[{"name":"wp","href":"https:\/\/api.w.org\/{rel}","templated":true}]}}