{"id":9030,"date":"2017-01-18T21:00:02","date_gmt":"2017-01-18T19:00:02","guid":{"rendered":"https:\/\/ringuvos-sm.siauliai.lm.lt\/?page_id=9030"},"modified":"2017-01-22T18:12:01","modified_gmt":"2017-01-22T16:12:01","slug":"tarnybiniai-automobiliai","status":"publish","type":"page","link":"https:\/\/ringuvos-sm.siauliai.lm.lt\/?page_id=9030","title":{"rendered":"Tarnybiniai automobiliai"},"content":{"rendered":"<h5 style=\"text-align: justify;\"><span style=\"color: #000000;\">Mokykla neturi tarnybini\u0173 lengv\u0173j\u0173 automobili\u0173.<\/span><\/h5>\n","protected":false},"excerpt":{"rendered":"<p>Mokykla neturi tarnybini\u0173 lengv\u0173j\u0173 automobili\u0173.<\/p>\n","protected":false},"author":2,"featured_media":0,"parent":0,"menu_order":0,"comment_status":"closed","ping_status":"closed","template":"","meta":{"ngg_post_thumbnail":0,"footnotes":""},"class_list":["post-9030","page","type-page","status-publish","hentry"],"_links":{"self":[{"href":"https:\/\/ringuvos-sm.siauliai.lm.lt\/index.php?rest_route=\/wp\/v2\/pages\/9030","targetHints":{"allow":["GET"]}}],"collection":[{"href":"https:\/\/ringuvos-sm.siauliai.lm.lt\/index.php?rest_route=\/wp\/v2\/pages"}],"about":[{"href":"https:\/\/ringuvos-sm.siauliai.lm.lt\/index.php?rest_route=\/wp\/v2\/types\/page"}],"author":[{"embeddable":true,"href":"https:\/\/ringuvos-sm.siauliai.lm.lt\/index.php?rest_route=\/wp\/v2\/users\/2"}],"replies":[{"embeddable":true,"href":"https:\/\/ringuvos-sm.siauliai.lm.lt\/index.php?rest_route=%2Fwp%2Fv2%2Fcomments&post=9030"}],"version-history":[{"count":3,"href":"https:\/\/ringuvos-sm.siauliai.lm.lt\/index.php?rest_route=\/wp\/v2\/pages\/9030\/revisions"}],"predecessor-version":[{"id":9073,"href":"https:\/\/ringuvos-sm.siauliai.lm.lt\/index.php?rest_route=\/wp\/v2\/pages\/9030\/revisions\/9073"}],"wp:attachment":[{"href":"https:\/\/ringuvos-sm.siauliai.lm.lt\/index.php?rest_route=%2Fwp%2Fv2%2Fmedia&parent=9030"}],"curies":[{"name":"wp","href":"https:\/\/api.w.org\/{rel}","templated":true}]}}