{"id":9032,"date":"2017-01-18T21:00:26","date_gmt":"2017-01-18T19:00:26","guid":{"rendered":"https:\/\/ringuvos-sm.siauliai.lm.lt\/?page_id=9032"},"modified":"2026-02-19T11:58:13","modified_gmt":"2026-02-19T09:58:13","slug":"korupcijos-prevencija","status":"publish","type":"page","link":"https:\/\/ringuvos-sm.siauliai.lm.lt\/?page_id=9032","title":{"rendered":"Korupcijos  prevencija"},"content":{"rendered":"<h5 style=\"line-height: 18pt; margin: 0cm 0cm 7.5pt; text-align: justify;\">&nbsp;<span style=\"color: #000000;\"> &nbsp; &nbsp;Apie \u0160iauli\u0173 ,,Ringuvos&#8221;&nbsp; mokykloje pasteb\u0117tus neteis\u0117tus korupcinius veiksmus pra\u0161ome prane\u0161ti <\/span><\/h5>\n<h5 style=\"line-height: 18pt; margin: 0cm 0cm 7.5pt; text-align: justify;\"><span style=\"color: #000000;\">tel. (8 41) 504 260 arba el.p. adresu&nbsp; &nbsp;<\/span><span style=\"color: #000000;\"><span style=\"color: #008000;\">ra\u0161tin\u0117@ringuvosmokykla.lt&nbsp; <\/span>&nbsp;<\/span><\/h5>\n<h5 style=\"line-height: 18pt; margin: 0cm 0cm 7.5pt; text-align: justify;\"><span style=\"color: #000000;\">Anonimi\u0161kum\u0105 garantuojame<\/span><\/h5>\n<hr>\n<h6>&nbsp;<\/h6>\n<h5><span style=\"color: #000000;\"> \u0160iauli\u0173 ,,Ringuvos\u201d mokyklos Korupcijos prevencijos programa 2024-2026 m. <span style=\"color: #008000;\"><a style=\"color: #008000;\" href=\"https:\/\/ringuvos-sm.siauliai.lm.lt\/wp-content\/uploads\/2025\/03\/2024-2026-m.-Korupcijos-prevencijos-programa.pdf\">pdf<\/a>&nbsp;<\/span><\/span><\/h5>\n<h5><span style=\"color: #000000;\">Dovan\u0173 politika<\/span><span style=\"color: #008000;\"><a style=\"color: #008000;\" href=\"https:\/\/ringuvos-sm.siauliai.lm.lt\/wp-content\/uploads\/2024\/06\/DOVANU-POLITIKA.pdf\"> pdf&nbsp;<\/a><\/span><\/h5>\n<h5><span style=\"color: #000000;\">\u0160iauli\u0173 ,,Ringuvos&#8221; mokyklos darbuotoj\u0173 elgesio ir etikos kodeksas<span style=\"color: #008000;\"><a style=\"color: #008000;\" href=\"https:\/\/ringuvos-sm.siauliai.lm.lt\/wp-content\/uploads\/2025\/03\/Siauliu-\u201eRinguvos-mokyklos-darbuotoju-etikos-ir-elgesio-kodeksas-1.pdf\"> pdf&nbsp;<\/a><\/span><\/span><\/h5>\n<h5><span style=\"color: #000000;\">\u0160iauli\u0173 ,,Ringuvos&#8221; mokyklos korupcijos prevencijos programos \u012fgyvendinimo 2024m. ataskaita <span style=\"color: #008000;\"><a style=\"color: #008000;\" href=\"https:\/\/ringuvos-sm.siauliai.lm.lt\/wp-content\/uploads\/2025\/03\/ataskaita-2024-metu.pdf\">pdf&nbsp;<\/a><\/span><\/span><\/h5>\n<hr>\n<h6><span style=\"color: #000000;\"><strong>Korupcijos prevencija<\/strong><\/span><\/h6>\n<h6><strong><span style=\"color: #000000;\">&nbsp; Korupcijos prevencija<\/span><\/strong><span style=\"color: #000000;\">\u2013 korupcijos prie\u017eas\u010di\u0173, s\u0105lyg\u0173 atskleidimas ir \u0161alinimas sudarant bei \u012fgyvendinant atitinkam\u0173 priemoni\u0173 sistem\u0105, taip pat poveikis asmenims siekiant atgrasinti nuo korupcinio pob\u016bd\u017eio nusikalstam\u0173 veik\u0173 darymo.<\/span><br \/>\n<span style=\"color: #000000;\">&nbsp;<strong>Korupcinio pob\u016bd\u017eio nusikalstamos veiklos <\/strong>\u2013 ky\u0161ininkavimas, prekyba poveikiu, papirkimas, kitos nusikalstamos veikos, jeigu jos padarytos vie\u0161ojo administravimo sektoriuje arba teikiant vie\u0161\u0105sias paslaugas siekiant sau ar kitiems asmenims naudos: piktnaud\u017eiavimas tarnybine pad\u0117timi arba \u012fgaliojim\u0173 vir\u0161ijimas, piktnaud\u017eiavimas oficialiais \u012fgaliojimais, dokument\u0173 ar matavimo priemoni\u0173 suklastojimas, suk\u010diavimas, turto pasisavinimas ar i\u0161\u0161vaistymas, tarnybos paslapties atskleidimas, komercin\u0117s paslapties atskleidimas, neteising\u0173 duomen\u0173 apie pajamas, peln\u0105 ar turt\u0105 pateikimas, nusikalstamu b\u016bdu \u012fgyt\u0173 pinig\u0173 ar turto legalizavimas, ki\u0161imasis \u012f valstyb\u0117s tarnautojo ar vie\u0161ojo administravimo funkcijas atliekan\u010dio asmens veikl\u0105 ar kitos nusikalstamos veikos, kai toki\u0173 veik\u0173 padarymu siekiama ar reikalaujama ky\u0161io, papirkimo arba nusl\u0117pti ar u\u017emaskuoti ky\u0161ininkavim\u0105 ar papirkim\u0105.<\/span><\/h6>\n<hr>\n<h6><span style=\"color: #000000;\">Korupcijos prevencija \u0160iauli\u0173 \u201eRinguvos\u201c mokykloje \u012fgyvendinama remiantis \u0161iais teis\u0117s aktais:<\/span><\/h6>\n<ul>\n<li>Lietuvos Respublikos Korupcijos Prevencijos \u012fstatymas;<\/li>\n<li>Lietuvos Respublikos vie\u0161\u0173j\u0173 ir priva\u010di\u0173 interes\u0173 derinimo \u012fstatymas;<\/li>\n<li>2024 \u20132026 m. \u0160iauli\u0173 ,,Ringuvos\u201d mokyklos Korupcijos prevencijos programa ir planas.<\/li>\n<\/ul>\n<hr>\n<h5><strong>Informacija apie gautus korupcinio pob\u016bd\u017eio nusikalstamos veikos prane\u0161imus:<\/strong><\/h5>\n<h6>2025 m.- negautas nei vienas prane\u0161imas<\/h6>\n<h6>2024 m . &#8211; negautas nei vienas prane\u0161imas.<\/h6>\n<h6>2023 m . &#8211; negautas nei vienas prane\u0161imas.<\/h6>\n<h6>2022 m . &#8211; negautas nei vienas prane\u0161imas.&nbsp;&nbsp;<\/h6>\n<hr>\n<h6><span style=\"color: #000000;\">U\u017e korupcijai atsparios aplinkos k\u016brim\u0105 \u0160iauli\u0173 ,, Ringuvos\u201d mokykloje atsakingas asmuo&nbsp; Vilma Burbien\u0117<\/span><\/h6>\n<h5>&nbsp;<\/h5>\n<p>&nbsp;<\/p>\n","protected":false},"excerpt":{"rendered":"<p>&nbsp; &nbsp; &nbsp;Apie \u0160iauli\u0173 ,,Ringuvos&#8221;&nbsp; mokykloje pasteb\u0117tus neteis\u0117tus korupcinius veiksmus pra\u0161ome prane\u0161ti tel. (8 41) 504 260 arba el.p. adresu&nbsp; &nbsp;ra\u0161tin\u0117@ringuvosmokykla.lt&nbsp; &nbsp; Anonimi\u0161kum\u0105 garantuojame &nbsp; \u0160iauli\u0173 ,,Ringuvos\u201d mokyklos Korupcijos prevencijos programa 2024-2026 m. pdf&nbsp; Dovan\u0173 politika pdf&nbsp; \u0160iauli\u0173 ,,Ringuvos&#8221; mokyklos &hellip; <a href=\"https:\/\/ringuvos-sm.siauliai.lm.lt\/?page_id=9032\">Continue reading <span class=\"meta-nav\">&rarr;<\/span><\/a><\/p>\n","protected":false},"author":2,"featured_media":0,"parent":0,"menu_order":0,"comment_status":"closed","ping_status":"closed","template":"","meta":{"ngg_post_thumbnail":0,"footnotes":""},"class_list":["post-9032","page","type-page","status-publish","hentry"],"_links":{"self":[{"href":"https:\/\/ringuvos-sm.siauliai.lm.lt\/index.php?rest_route=\/wp\/v2\/pages\/9032","targetHints":{"allow":["GET"]}}],"collection":[{"href":"https:\/\/ringuvos-sm.siauliai.lm.lt\/index.php?rest_route=\/wp\/v2\/pages"}],"about":[{"href":"https:\/\/ringuvos-sm.siauliai.lm.lt\/index.php?rest_route=\/wp\/v2\/types\/page"}],"author":[{"embeddable":true,"href":"https:\/\/ringuvos-sm.siauliai.lm.lt\/index.php?rest_route=\/wp\/v2\/users\/2"}],"replies":[{"embeddable":true,"href":"https:\/\/ringuvos-sm.siauliai.lm.lt\/index.php?rest_route=%2Fwp%2Fv2%2Fcomments&post=9032"}],"version-history":[{"count":26,"href":"https:\/\/ringuvos-sm.siauliai.lm.lt\/index.php?rest_route=\/wp\/v2\/pages\/9032\/revisions"}],"predecessor-version":[{"id":21251,"href":"https:\/\/ringuvos-sm.siauliai.lm.lt\/index.php?rest_route=\/wp\/v2\/pages\/9032\/revisions\/21251"}],"wp:attachment":[{"href":"https:\/\/ringuvos-sm.siauliai.lm.lt\/index.php?rest_route=%2Fwp%2Fv2%2Fmedia&parent=9032"}],"curies":[{"name":"wp","href":"https:\/\/api.w.org\/{rel}","templated":true}]}}